{"id":19894,"date":"2022-04-18T21:51:45","date_gmt":"2022-04-18T21:51:45","guid":{"rendered":"https:\/\/test.cibfx.com\/risk-statement\/"},"modified":"2023-05-08T17:14:02","modified_gmt":"2023-05-08T17:14:02","slug":"declaracao-de-risco","status":"publish","type":"page","link":"https:\/\/cibfx.com\/pt-br\/declaracao-de-risco\/","title":{"rendered":"Declara\u00e7\u00e3o de risco"},"content":{"rendered":"\t\t<div data-elementor-type=\"wp-page\" data-elementor-id=\"19894\" class=\"elementor elementor-19894 elementor-508\">\n\t\t\t\t\t\t<section class=\"elementor-section elementor-top-section elementor-element elementor-element-fae5959 elementor-section-boxed elementor-section-height-default elementor-section-height-default\" data-id=\"fae5959\" data-element_type=\"section\">\n\t\t\t\t\t\t<div class=\"elementor-container elementor-column-gap-default\">\n\t\t\t\t\t<div class=\"elementor-column elementor-col-100 elementor-top-column elementor-element elementor-element-047c46d\" data-id=\"047c46d\" data-element_type=\"column\">\n\t\t\t<div class=\"elementor-widget-wrap elementor-element-populated\">\n\t\t\t\t\t\t<div class=\"elementor-element elementor-element-fad0e2a elementor-widget elementor-widget-heading\" data-id=\"fad0e2a\" data-element_type=\"widget\" data-widget_type=\"heading.default\">\n\t\t\t\t<div class=\"elementor-widget-container\">\n\t\t\t\t\t<h2 class=\"elementor-heading-title elementor-size-default\">Declara\u00e7\u00e3o de risco<\/h2>\t\t\t\t<\/div>\n\t\t\t\t<\/div>\n\t\t\t\t<div class=\"elementor-element elementor-element-b3334dd elementor-widget elementor-widget-spacer\" data-id=\"b3334dd\" data-element_type=\"widget\" data-widget_type=\"spacer.default\">\n\t\t\t\t<div class=\"elementor-widget-container\">\n\t\t\t\t\t\t\t<div class=\"elementor-spacer\">\n\t\t\t<div class=\"elementor-spacer-inner\"><\/div>\n\t\t<\/div>\n\t\t\t\t\t\t<\/div>\n\t\t\t\t<\/div>\n\t\t\t\t<div class=\"elementor-element elementor-element-01c1cee elementor-widget elementor-widget-text-editor\" data-id=\"01c1cee\" data-element_type=\"widget\" data-widget_type=\"text-editor.default\">\n\t\t\t\t<div class=\"elementor-widget-container\">\n\t\t\t\t\t\t\t\t\t<p>A negocia\u00e7\u00e3o de instrumentos financeiros n\u00e3o \u00e9 adequada para muitos membros do p\u00fablico. Existe a possibilidade de que os fundos utilizados para tal negocia\u00e7\u00e3o em instrumentos financeiros sofram uma perda de parte ou da totalidade de seu investimento. \u00c9 aconselh\u00e1vel considerar cuidadosamente se a negocia\u00e7\u00e3o em instrumentos financeiros \u00e9 apropriada para voc\u00ea \u00e0 luz da experi\u00eancia, objetivos, recursos financeiros e quaisquer outras circunst\u00e2ncias relevantes. Voc\u00ea deve compreender todos os riscos envolvidos com a negocia\u00e7\u00e3o de instrumentos financeiros e, se necess\u00e1rio, procurar um conselho independente.<\/p>\n<p>A realiza\u00e7\u00e3o de quaisquer transa\u00e7\u00f5es em instrumentos financeiros \u00e9 realizada voluntariamente e por sua pr\u00f3pria conta e risco. Existem altos riscos envolvidos na negocia\u00e7\u00e3o e o(s) lucro(s) da negocia\u00e7\u00e3o n\u00e3o s\u00e3o garantidos, enquanto o(s) resultado(s) passado(s)\/ desempenho hist\u00f3rico n\u00e3o asseguram\/representam os resultados futuros.<\/p>\n<p>O risco \u00e9 alto de que voc\u00ea possa sofrer perdas\/danos para todo ou parte do capital\/monies investidos. Um investimento em qualquer instrumento financeiro carrega um alto grau de risco e o dinheiro que \u00e9 investido pode n\u00e3o permanecer o mesmo, enquanto voc\u00ea assume o risco de sustentar uma perda\/danos, enquanto, ao mesmo tempo, existe a possibilidade de que um lucro\/retorno possa se materializar. A negocia\u00e7\u00e3o no(s) sistema(s) de negocia\u00e7\u00e3o eletr\u00f4nico(s) comporta um alto risco, uma vez que h\u00e1 uma grande exposi\u00e7\u00e3o aos riscos associados ao sistema on-line, incluindo, mas n\u00e3o se limitando \u00e0 falha de hardware e\/ou software. O resultado de qualquer falha do sistema pode ser que seu pedido n\u00e3o seja executado de acordo com as instru\u00e7\u00f5es ou n\u00e3o seja executado de forma alguma. Todas as transa\u00e7\u00f5es efetuadas s\u00e3o de seu exclusivo risco e voc\u00ea ser\u00e1 o \u00fanico respons\u00e1vel em todas as circunst\u00e2ncias. A CIBfx n\u00e3o ser\u00e1 responsabilizada por qualquer atraso na transmiss\u00e3o, entrega ou execu\u00e7\u00e3o de sua(s) solicita\u00e7\u00e3o(\u00f5es) devido a mau funcionamento das instala\u00e7\u00f5es de comunica\u00e7\u00e3o ou outras causas.<\/p>\n<p>As condi\u00e7\u00f5es de mercado e o funcionamento das regras de certos mercados, hor\u00e1rios de negocia\u00e7\u00e3o, horas de sala de negocia\u00e7\u00e3o, etc., podem aumentar o risco de perda devido \u00e0 dificuldade de efetuar transa\u00e7\u00f5es ou de liquidar\/offsetar posi\u00e7\u00f5es abertas. A empresa pode ser incapaz de executar suas instru\u00e7\u00f5es no n\u00edvel solicitado. Negociar com instrumentos financeiros em margem acarreta um alto n\u00edvel de risco que pode funcionar tanto para sua vantagem como para sua desvantagem.<\/p>\n<p>Em certos casos, as prote\u00e7\u00f5es de seu dinheiro transferido para fins de negocia\u00e7\u00e3o de instrumentos financeiros, podem ter impacto no caso da empresa\/empresa espec\u00edfica entrar em insolv\u00eancia\/fal\u00eancia banc\u00e1ria. A medida em que voc\u00ea pode recuperar dinheiro pode ser regida por legisla\u00e7\u00e3o espec\u00edfica ou regras locais. Em algumas jurisdi\u00e7\u00f5es, a propriedade\/money que foi especificamente identific\u00e1vel como sua pr\u00f3pria propriedade\/money ser\u00e1 apropriada da mesma forma que o dinheiro para fins de distribui\u00e7\u00e3o no caso de uma falta.<\/p>\n<p>Voc\u00ea entende que comiss\u00f5es, taxas e outros encargos podem ser aplic\u00e1veis e, como tal, esses encargos afetar\u00e3o\/reduzir\u00e3o o lucro (se houver), ou aumentar\u00e3o o preju\u00edzo. Antes de negociar com instrumentos financeiros, voc\u00ea deve se informar sobre todos os encargos pelos quais ser\u00e1 respons\u00e1vel, quer tais encargos sejam de valor pr\u00e9-determinado ou vari\u00e1veis.<\/p>\n<p>Voc\u00ea entende que o lucro ou perda para transa\u00e7\u00f5es em contratos denominados em moeda estrangeira ser\u00e1 afetado pelas flutua\u00e7\u00f5es nas taxas de c\u00e2mbio quando houver necessidade de convers\u00e3o da denomina\u00e7\u00e3o da moeda do contrato em outra moeda.<\/p>\n<p>Voc\u00ea entende que a CIBfx n\u00e3o garante o acesso ao Website e\/ou a qualquer um dos produtos e\/ou servi\u00e7os a serem disponibilizados a qualquer momento, ou em qualquer local em qualquer momento espec\u00edfico. Todas as transa\u00e7\u00f5es efetuadas para sua(s) conta(s) s\u00e3o de seu exclusivo risco e voc\u00ea ser\u00e1 o \u00fanico respons\u00e1vel em todas as circunst\u00e2ncias. A CIBfx n\u00e3o ser\u00e1 responsabilizada por qualquer atraso na transmiss\u00e3o, entrega ou execu\u00e7\u00e3o de seu(s) pedido(s) devido a mau funcionamento das instala\u00e7\u00f5es de comunica\u00e7\u00e3o ou outras causas.<\/p>\n<p>A Companhia poder\u00e1, em sua opini\u00e3o razo\u00e1vel, determinar que existe uma emerg\u00eancia ou uma condi\u00e7\u00e3o excepcional de mercado (um &#8220;Evento de For\u00e7a Maior&#8221;). Um Evento de For\u00e7a Maior incluir\u00e1, mas n\u00e3o est\u00e1 limitado ao seguinte &#8211; &#8220;qualquer ato, evento ou ocorr\u00eancia (incluindo, sem limita\u00e7\u00e3o, qualquer greve, motim ou como\u00e7\u00e3o, interrup\u00e7\u00e3o ou fornecimento de energia ou falha no equipamento eletr\u00f4nico ou de comunica\u00e7\u00e3o).<\/p>\n<p>Voc\u00ea entende que existe o risco de que os instrumentos financeiros possam estar ou se tornem sujeitos a impostos e\/ou qualquer outro montante(s) devido(s) conforme a legisla\u00e7\u00e3o aplic\u00e1vel, o que se tornar\u00e1 sua responsabilidade de executar.<\/p>\t\t\t\t\t\t\t\t<\/div>\n\t\t\t\t<\/div>\n\t\t\t\t<div class=\"elementor-element elementor-element-4a5b2bb elementor-widget elementor-widget-heading\" data-id=\"4a5b2bb\" data-element_type=\"widget\" data-widget_type=\"heading.default\">\n\t\t\t\t<div class=\"elementor-widget-container\">\n\t\t\t\t\t<h6 class=\"elementor-heading-title elementor-size-default\">Procedimento de Reclama\u00e7\u00f5es de Clientes <\/h6>\t\t\t\t<\/div>\n\t\t\t\t<\/div>\n\t\t\t\t<div class=\"elementor-element elementor-element-91f64b8 elementor-widget elementor-widget-spacer\" data-id=\"91f64b8\" data-element_type=\"widget\" data-widget_type=\"spacer.default\">\n\t\t\t\t<div class=\"elementor-widget-container\">\n\t\t\t\t\t\t\t<div class=\"elementor-spacer\">\n\t\t\t<div class=\"elementor-spacer-inner\"><\/div>\n\t\t<\/div>\n\t\t\t\t\t\t<\/div>\n\t\t\t\t<\/div>\n\t\t\t\t<div class=\"elementor-element elementor-element-9c1fbcb elementor-widget elementor-widget-text-editor\" data-id=\"9c1fbcb\" data-element_type=\"widget\" data-widget_type=\"text-editor.default\">\n\t\t\t\t<div class=\"elementor-widget-container\">\n\t\t\t\t\t\t\t\t\t<p>Os clientes que desejarem fazer uma reclama\u00e7\u00e3o podem faz\u00ea-lo enviando um e-mail para support@cibfx.com e a equipe de suporte se esfor\u00e7ar\u00e1 para tratar qualquer problema ou reclama\u00e7\u00e3o da melhor forma poss\u00edvel dentro da estrutura legal das pol\u00edticas das empresas. O cliente tem a op\u00e7\u00e3o de solicitar um escalonamento de qualquer reclama\u00e7\u00e3o \u00e0 ger\u00eancia da empresa, solicitando isto APENAS uma vez que a equipe de suporte inicial tenha tentado resolver qualquer problema ou reclama\u00e7\u00e3o. \u00c9 responsabilidade da ger\u00eancia revisar a reclama\u00e7\u00e3o e toda a correspond\u00eancia relevante, ap\u00f3s o que fornecer\u00e1 uma declara\u00e7\u00e3o final da empresa para o cliente a respeito de suas conclus\u00f5es e decis\u00e3o.\u00a0<\/p><p>O cliente tem a op\u00e7\u00e3o de usar esta declara\u00e7\u00e3o como posi\u00e7\u00e3o final da empresa se optar por levar o assunto \u00e0 FSA de S\u00e3o Vicente e Granadinas.\u00a0<\/p>\t\t\t\t\t\t\t\t<\/div>\n\t\t\t\t<\/div>\n\t\t\t\t\t<\/div>\n\t\t<\/div>\n\t\t\t\t\t<\/div>\n\t\t<\/section>\n\t\t\t\t<\/div>\n\t\t","protected":false},"excerpt":{"rendered":"<p>Declara\u00e7\u00e3o de risco A negocia\u00e7\u00e3o de instrumentos financeiros n\u00e3o \u00e9 adequada para muitos membros do p\u00fablico. Existe a possibilidade de que os fundos utilizados para tal negocia\u00e7\u00e3o em instrumentos financeiros sofram uma perda de parte ou da totalidade de seu investimento. \u00c9 aconselh\u00e1vel considerar cuidadosamente se a negocia\u00e7\u00e3o em instrumentos financeiros \u00e9 apropriada para voc\u00ea [&hellip;]<\/p>\n","protected":false},"author":3,"featured_media":0,"parent":0,"menu_order":0,"comment_status":"closed","ping_status":"closed","template":"elementor_header_footer","meta":{"footnotes":""},"class_list":["post-19894","page","type-page","status-publish","hentry"],"yoast_head":"<!-- This site is optimized with the Yoast SEO plugin v23.4 - https:\/\/yoast.com\/wordpress\/plugins\/seo\/ -->\n<title>Declara\u00e7\u00e3o de risco - CIBFX<\/title>\n<meta name=\"robots\" content=\"index, follow, max-snippet:-1, max-image-preview:large, max-video-preview:-1\" \/>\n<link rel=\"canonical\" href=\"https:\/\/cibfx.com\/pt-br\/declaracao-de-risco\/\" \/>\n<meta property=\"og:locale\" content=\"pt_BR\" \/>\n<meta property=\"og:type\" content=\"article\" \/>\n<meta property=\"og:title\" content=\"Declara\u00e7\u00e3o de risco - CIBFX\" \/>\n<meta property=\"og:description\" content=\"Declara\u00e7\u00e3o de risco A negocia\u00e7\u00e3o de instrumentos financeiros n\u00e3o \u00e9 adequada para muitos membros do p\u00fablico. Existe a possibilidade de que os fundos utilizados para tal negocia\u00e7\u00e3o em instrumentos financeiros sofram uma perda de parte ou da totalidade de seu investimento. \u00c9 aconselh\u00e1vel considerar cuidadosamente se a negocia\u00e7\u00e3o em instrumentos financeiros \u00e9 apropriada para voc\u00ea [&hellip;]\" \/>\n<meta property=\"og:url\" content=\"https:\/\/cibfx.com\/pt-br\/declaracao-de-risco\/\" \/>\n<meta property=\"og:site_name\" content=\"CIBFX\" \/>\n<meta property=\"article:modified_time\" content=\"2023-05-08T17:14:02+00:00\" \/>\n<meta name=\"twitter:card\" content=\"summary_large_image\" \/>\n<meta name=\"twitter:label1\" content=\"Est. tempo de leitura\" \/>\n\t<meta name=\"twitter:data1\" content=\"5 minutos\" \/>\n<script type=\"application\/ld+json\" class=\"yoast-schema-graph\">{\"@context\":\"https:\/\/schema.org\",\"@graph\":[{\"@type\":\"WebPage\",\"@id\":\"https:\/\/cibfx.com\/pt-br\/declaracao-de-risco\/\",\"url\":\"https:\/\/cibfx.com\/pt-br\/declaracao-de-risco\/\",\"name\":\"Declara\u00e7\u00e3o de risco - CIBFX\",\"isPartOf\":{\"@id\":\"https:\/\/cibfx.com\/#website\"},\"datePublished\":\"2022-04-18T21:51:45+00:00\",\"dateModified\":\"2023-05-08T17:14:02+00:00\",\"breadcrumb\":{\"@id\":\"https:\/\/cibfx.com\/pt-br\/declaracao-de-risco\/#breadcrumb\"},\"inLanguage\":\"pt-BR\",\"potentialAction\":[{\"@type\":\"ReadAction\",\"target\":[\"https:\/\/cibfx.com\/pt-br\/declaracao-de-risco\/\"]}]},{\"@type\":\"BreadcrumbList\",\"@id\":\"https:\/\/cibfx.com\/pt-br\/declaracao-de-risco\/#breadcrumb\",\"itemListElement\":[{\"@type\":\"ListItem\",\"position\":1,\"name\":\"Portada\",\"item\":\"https:\/\/cibfx.com\/pt-br\/\"},{\"@type\":\"ListItem\",\"position\":2,\"name\":\"Declara\u00e7\u00e3o de risco\"}]},{\"@type\":\"WebSite\",\"@id\":\"https:\/\/cibfx.com\/#website\",\"url\":\"https:\/\/cibfx.com\/\",\"name\":\"CIBFX\",\"description\":\"Trading online seguro y confiable\",\"potentialAction\":[{\"@type\":\"SearchAction\",\"target\":{\"@type\":\"EntryPoint\",\"urlTemplate\":\"https:\/\/cibfx.com\/?s={search_term_string}\"},\"query-input\":{\"@type\":\"PropertyValueSpecification\",\"valueRequired\":true,\"valueName\":\"search_term_string\"}}],\"inLanguage\":\"pt-BR\"}]}<\/script>\n<!-- \/ Yoast SEO plugin. -->","yoast_head_json":{"title":"Declara\u00e7\u00e3o de risco - CIBFX","robots":{"index":"index","follow":"follow","max-snippet":"max-snippet:-1","max-image-preview":"max-image-preview:large","max-video-preview":"max-video-preview:-1"},"canonical":"https:\/\/cibfx.com\/pt-br\/declaracao-de-risco\/","og_locale":"pt_BR","og_type":"article","og_title":"Declara\u00e7\u00e3o de risco - CIBFX","og_description":"Declara\u00e7\u00e3o de risco A negocia\u00e7\u00e3o de instrumentos financeiros n\u00e3o \u00e9 adequada para muitos membros do p\u00fablico. Existe a possibilidade de que os fundos utilizados para tal negocia\u00e7\u00e3o em instrumentos financeiros sofram uma perda de parte ou da totalidade de seu investimento. \u00c9 aconselh\u00e1vel considerar cuidadosamente se a negocia\u00e7\u00e3o em instrumentos financeiros \u00e9 apropriada para voc\u00ea [&hellip;]","og_url":"https:\/\/cibfx.com\/pt-br\/declaracao-de-risco\/","og_site_name":"CIBFX","article_modified_time":"2023-05-08T17:14:02+00:00","twitter_card":"summary_large_image","twitter_misc":{"Est. tempo de leitura":"5 minutos"},"schema":{"@context":"https:\/\/schema.org","@graph":[{"@type":"WebPage","@id":"https:\/\/cibfx.com\/pt-br\/declaracao-de-risco\/","url":"https:\/\/cibfx.com\/pt-br\/declaracao-de-risco\/","name":"Declara\u00e7\u00e3o de risco - CIBFX","isPartOf":{"@id":"https:\/\/cibfx.com\/#website"},"datePublished":"2022-04-18T21:51:45+00:00","dateModified":"2023-05-08T17:14:02+00:00","breadcrumb":{"@id":"https:\/\/cibfx.com\/pt-br\/declaracao-de-risco\/#breadcrumb"},"inLanguage":"pt-BR","potentialAction":[{"@type":"ReadAction","target":["https:\/\/cibfx.com\/pt-br\/declaracao-de-risco\/"]}]},{"@type":"BreadcrumbList","@id":"https:\/\/cibfx.com\/pt-br\/declaracao-de-risco\/#breadcrumb","itemListElement":[{"@type":"ListItem","position":1,"name":"Portada","item":"https:\/\/cibfx.com\/pt-br\/"},{"@type":"ListItem","position":2,"name":"Declara\u00e7\u00e3o de risco"}]},{"@type":"WebSite","@id":"https:\/\/cibfx.com\/#website","url":"https:\/\/cibfx.com\/","name":"CIBFX","description":"Trading online seguro y confiable","potentialAction":[{"@type":"SearchAction","target":{"@type":"EntryPoint","urlTemplate":"https:\/\/cibfx.com\/?s={search_term_string}"},"query-input":{"@type":"PropertyValueSpecification","valueRequired":true,"valueName":"search_term_string"}}],"inLanguage":"pt-BR"}]}},"_links":{"self":[{"href":"https:\/\/cibfx.com\/pt-br\/wp-json\/wp\/v2\/pages\/19894","targetHints":{"allow":["GET"]}}],"collection":[{"href":"https:\/\/cibfx.com\/pt-br\/wp-json\/wp\/v2\/pages"}],"about":[{"href":"https:\/\/cibfx.com\/pt-br\/wp-json\/wp\/v2\/types\/page"}],"author":[{"embeddable":true,"href":"https:\/\/cibfx.com\/pt-br\/wp-json\/wp\/v2\/users\/3"}],"replies":[{"embeddable":true,"href":"https:\/\/cibfx.com\/pt-br\/wp-json\/wp\/v2\/comments?post=19894"}],"version-history":[{"count":3,"href":"https:\/\/cibfx.com\/pt-br\/wp-json\/wp\/v2\/pages\/19894\/revisions"}],"predecessor-version":[{"id":21619,"href":"https:\/\/cibfx.com\/pt-br\/wp-json\/wp\/v2\/pages\/19894\/revisions\/21619"}],"wp:attachment":[{"href":"https:\/\/cibfx.com\/pt-br\/wp-json\/wp\/v2\/media?parent=19894"}],"curies":[{"name":"wp","href":"https:\/\/api.w.org\/{rel}","templated":true}]}}