{"id":19883,"date":"2022-04-18T21:59:37","date_gmt":"2022-04-18T21:59:37","guid":{"rendered":"https:\/\/test.cibfx.com\/politica-de-privacidad\/"},"modified":"2023-05-08T17:32:11","modified_gmt":"2023-05-08T17:32:11","slug":"politica-de-privacidade","status":"publish","type":"page","link":"https:\/\/cibfx.com\/pt-br\/politica-de-privacidade\/","title":{"rendered":"Pol\u00edtica de privacidade"},"content":{"rendered":"\t\t<div data-elementor-type=\"wp-page\" data-elementor-id=\"19883\" class=\"elementor elementor-19883 elementor-518\">\n\t\t\t\t\t\t<section class=\"elementor-section elementor-top-section elementor-element elementor-element-fae5959 elementor-section-boxed elementor-section-height-default elementor-section-height-default\" data-id=\"fae5959\" data-element_type=\"section\">\n\t\t\t\t\t\t<div class=\"elementor-container elementor-column-gap-default\">\n\t\t\t\t\t<div class=\"elementor-column elementor-col-100 elementor-top-column elementor-element elementor-element-047c46d\" data-id=\"047c46d\" data-element_type=\"column\">\n\t\t\t<div class=\"elementor-widget-wrap elementor-element-populated\">\n\t\t\t\t\t\t<div class=\"elementor-element elementor-element-07af1eb elementor-widget elementor-widget-heading\" data-id=\"07af1eb\" data-element_type=\"widget\" data-widget_type=\"heading.default\">\n\t\t\t\t<div class=\"elementor-widget-container\">\n\t\t\t\t\t<h2 class=\"elementor-heading-title elementor-size-default\">Pol\u00edtica de privacidade<\/h2>\t\t\t\t<\/div>\n\t\t\t\t<\/div>\n\t\t\t\t<div class=\"elementor-element elementor-element-334dcb8 elementor-widget elementor-widget-spacer\" data-id=\"334dcb8\" data-element_type=\"widget\" data-widget_type=\"spacer.default\">\n\t\t\t\t<div class=\"elementor-widget-container\">\n\t\t\t\t\t\t\t<div class=\"elementor-spacer\">\n\t\t\t<div class=\"elementor-spacer-inner\"><\/div>\n\t\t<\/div>\n\t\t\t\t\t\t<\/div>\n\t\t\t\t<\/div>\n\t\t\t\t<div class=\"elementor-element elementor-element-01c1cee elementor-widget elementor-widget-text-editor\" data-id=\"01c1cee\" data-element_type=\"widget\" data-widget_type=\"text-editor.default\">\n\t\t\t\t<div class=\"elementor-widget-container\">\n\t\t\t\t\t\t\t\t\t<p>A <strong>CIBfx<\/strong>\u00a0coloca grande \u00eanfase em manter as informa\u00e7\u00f5es compartilhadas pelos usu\u00e1rios e visitantes de nosso website em car\u00e1ter privado e confidencial. O uso dos dados que voc\u00ea compartilhar conosco ser\u00e1 regido por esta Pol\u00edtica de Privacidade Forex. A <strong>CIBfx<\/strong>\u00a0adere \u00e0s disposi\u00e7\u00f5es de prote\u00e7\u00e3o de dados, conforme mencionado na Lei Internacional. A fim de considerar as condi\u00e7\u00f5es e amea\u00e7as colocadas pelas opera\u00e7\u00f5es, tecnologias, pr\u00e1ticas e legisla\u00e7\u00f5es em mudan\u00e7a, revisaremos esta Declara\u00e7\u00e3o de Pol\u00edtica e a atualizaremos com as informa\u00e7\u00f5es necess\u00e1rias com\/sem notifica\u00e7\u00e3o.\u00a0<\/p>\t\t\t\t\t\t\t\t<\/div>\n\t\t\t\t<\/div>\n\t\t\t\t<div class=\"elementor-element elementor-element-4a5b2bb elementor-widget elementor-widget-heading\" data-id=\"4a5b2bb\" data-element_type=\"widget\" data-widget_type=\"heading.default\">\n\t\t\t\t<div class=\"elementor-widget-container\">\n\t\t\t\t\t<h6 class=\"elementor-heading-title elementor-size-default\">QUAIS INFORMA\u00c7\u00d5ES PESSOAIS A CIBFX COLETA?<\/h6>\t\t\t\t<\/div>\n\t\t\t\t<\/div>\n\t\t\t\t<div class=\"elementor-element elementor-element-91f64b8 elementor-widget elementor-widget-spacer\" data-id=\"91f64b8\" data-element_type=\"widget\" data-widget_type=\"spacer.default\">\n\t\t\t\t<div class=\"elementor-widget-container\">\n\t\t\t\t\t\t\t<div class=\"elementor-spacer\">\n\t\t\t<div class=\"elementor-spacer-inner\"><\/div>\n\t\t<\/div>\n\t\t\t\t\t\t<\/div>\n\t\t\t\t<\/div>\n\t\t\t\t<div class=\"elementor-element elementor-element-9c1fbcb elementor-widget elementor-widget-text-editor\" data-id=\"9c1fbcb\" data-element_type=\"widget\" data-widget_type=\"text-editor.default\">\n\t\t\t\t<div class=\"elementor-widget-container\">\n\t\t\t\t\t\t\t\t\t<p>Quando voc\u00ea solicita a abertura de uma conta CIBfx, necessitamos de certas informa\u00e7\u00f5es para processar a solicita\u00e7\u00e3o. Essas informa\u00e7\u00f5es podem incluir detalhes pessoais e financeiros, tais como, nome, endere\u00e7o, n\u00famero de contato, data de nascimento, detalhes de emprego, responsabilidades e ativos.\u00a0<\/p><p>Para melhorar sua experi\u00eancia comercial, podemos exigir mais informa\u00e7\u00f5es. Algumas vezes a lei pode exigir que tenhamos algumas informa\u00e7\u00f5es sobre nossos clientes. Nesses casos, obtemos as informa\u00e7\u00f5es atrav\u00e9s de nossos formul\u00e1rios de solicita\u00e7\u00e3o e outros formul\u00e1rios de solicita\u00e7\u00e3o de informa\u00e7\u00f5es.\u00a0<\/p>\t\t\t\t\t\t\t\t<\/div>\n\t\t\t\t<\/div>\n\t\t\t\t<div class=\"elementor-element elementor-element-fa34173 elementor-widget elementor-widget-heading\" data-id=\"fa34173\" data-element_type=\"widget\" data-widget_type=\"heading.default\">\n\t\t\t\t<div class=\"elementor-widget-container\">\n\t\t\t\t\t<h6 class=\"elementor-heading-title elementor-size-default\">A CIBFX PODE COLETAR AS SEGUINTES INFORMA\u00c7\u00d5ES <\/h6>\t\t\t\t<\/div>\n\t\t\t\t<\/div>\n\t\t\t\t<div class=\"elementor-element elementor-element-850c76a elementor-widget elementor-widget-spacer\" data-id=\"850c76a\" data-element_type=\"widget\" data-widget_type=\"spacer.default\">\n\t\t\t\t<div class=\"elementor-widget-container\">\n\t\t\t\t\t\t\t<div class=\"elementor-spacer\">\n\t\t\t<div class=\"elementor-spacer-inner\"><\/div>\n\t\t<\/div>\n\t\t\t\t\t\t<\/div>\n\t\t\t\t<\/div>\n\t\t\t\t<div class=\"elementor-element elementor-element-3bd9a57 elementor-widget elementor-widget-text-editor\" data-id=\"3bd9a57\" data-element_type=\"widget\" data-widget_type=\"text-editor.default\">\n\t\t\t\t<div class=\"elementor-widget-container\">\n\t\t\t\t\t\t\t\t\t<p>Dados pessoais atrav\u00e9s de formul\u00e1rios\u00a0<\/p><p>Detalhes financeiros atrav\u00e9s de formul\u00e1rios e registro dos servi\u00e7os prestados\u00a0<\/p><p>Informa\u00e7\u00f5es sobre o padr\u00e3o de uso de nosso site e plataformas de negocia\u00e7\u00e3o por um comerciante\u00a0<\/p><p>Registro de atividades comerciais para nos ajudar a servi-lo melhor\u00a0<\/p>\t\t\t\t\t\t\t\t<\/div>\n\t\t\t\t<\/div>\n\t\t\t\t<div class=\"elementor-element elementor-element-95c3c9d elementor-widget elementor-widget-heading\" data-id=\"95c3c9d\" data-element_type=\"widget\" data-widget_type=\"heading.default\">\n\t\t\t\t<div class=\"elementor-widget-container\">\n\t\t\t\t\t<h6 class=\"elementor-heading-title elementor-size-default\">COMO A CIBfx UTILIZA INFORMA\u00c7\u00d5ES DE USO Limitado PARTILHADAS PELO TRADER? <\/h6>\t\t\t\t<\/div>\n\t\t\t\t<\/div>\n\t\t\t\t<div class=\"elementor-element elementor-element-d882053 elementor-widget elementor-widget-spacer\" data-id=\"d882053\" data-element_type=\"widget\" data-widget_type=\"spacer.default\">\n\t\t\t\t<div class=\"elementor-widget-container\">\n\t\t\t\t\t\t\t<div class=\"elementor-spacer\">\n\t\t\t<div class=\"elementor-spacer-inner\"><\/div>\n\t\t<\/div>\n\t\t\t\t\t\t<\/div>\n\t\t\t\t<\/div>\n\t\t\t\t<div class=\"elementor-element elementor-element-a961625 elementor-widget elementor-widget-text-editor\" data-id=\"a961625\" data-element_type=\"widget\" data-widget_type=\"text-editor.default\">\n\t\t\t\t<div class=\"elementor-widget-container\">\n\t\t\t\t\t\t\t\t\t<p><span style=\"color: #eb222a;\"><strong>A informa\u00e7\u00e3o do comerciante CIBfx \u00e9 utilizada para:\u00a0<\/strong><\/span><\/p><p>Criando e manipulando sua conta;\u00a0<\/p><p>Revis\u00e3o de suas exig\u00eancias atuais;\u00a0<\/p><p>Aperfei\u00e7oar nossas plataformas, servi\u00e7os e suporte ao cliente;\u00a0<\/p><p>Fornecer a voc\u00ea conselhos comerciais e informa\u00e7\u00f5es sobre boas oportunidades.\u00a0<\/p>\t\t\t\t\t\t\t\t<\/div>\n\t\t\t\t<\/div>\n\t\t\t\t<div class=\"elementor-element elementor-element-8be52c0 elementor-widget elementor-widget-heading\" data-id=\"8be52c0\" data-element_type=\"widget\" data-widget_type=\"heading.default\">\n\t\t\t\t<div class=\"elementor-widget-container\">\n\t\t\t\t\t<h6 class=\"elementor-heading-title elementor-size-default\">DIVULGA\u00c7\u00c3O DE INFORMA\u00c7\u00d5ES <\/h6>\t\t\t\t<\/div>\n\t\t\t\t<\/div>\n\t\t\t\t<div class=\"elementor-element elementor-element-c4becef elementor-widget elementor-widget-spacer\" data-id=\"c4becef\" data-element_type=\"widget\" data-widget_type=\"spacer.default\">\n\t\t\t\t<div class=\"elementor-widget-container\">\n\t\t\t\t\t\t\t<div class=\"elementor-spacer\">\n\t\t\t<div class=\"elementor-spacer-inner\"><\/div>\n\t\t<\/div>\n\t\t\t\t\t\t<\/div>\n\t\t\t\t<\/div>\n\t\t\t\t<div class=\"elementor-element elementor-element-4c932f2 elementor-widget elementor-widget-text-editor\" data-id=\"4c932f2\" data-element_type=\"widget\" data-widget_type=\"text-editor.default\">\n\t\t\t\t<div class=\"elementor-widget-container\">\n\t\t\t\t\t\t\t\t\t<p><strong><span style=\"color: #eb222a;\">Com base no produto ou servi\u00e7o em quest\u00e3o e com rela\u00e7\u00e3o a restri\u00e7\u00f5es particulares sobre informa\u00e7\u00f5es sens\u00edveis, a CIBfx pode divulgar informa\u00e7\u00f5es sobre comerciantes para:\u00a0<\/span><\/strong><\/p><p>Especialistas, peritos, prestadores de servi\u00e7os e assessores contratados por n\u00f3s para assist\u00eancia administrativa, seguros, pesquisas financeiras ou similares;\u00a0<\/p><p>Corretores de Apresenta\u00e7\u00e3o (IBs) com os quais compartilhamos uma rela\u00e7\u00e3o de trabalho;\u00a0<\/p><p>Tribunais, provedores de cr\u00e9dito, tribunais ou autoridades reguladoras autorizadas por lei;\u00a0<\/p><p>Ag\u00eancias de refer\u00eancia ou de informa\u00e7\u00e3o de cr\u00e9dito;\u00a0<\/p><p>Indiv\u00edduos autorizados pelo comerciante cujas informa\u00e7\u00f5es est\u00e3o sendo compartilhadas.\u00a0<\/p><p>Se voc\u00ea n\u00e3o estiver disposto a compartilhar qualquer informa\u00e7\u00e3o com as ag\u00eancias e prestadores de servi\u00e7os mencionados, favor nos enviar uma mensagem por escrito. Em tal situa\u00e7\u00e3o, retiraremos suas informa\u00e7\u00f5es do pool de dados e conseq\u00fcentemente retiraremos os servi\u00e7os relacionados.<\/p><p>\u00a0<\/p>\t\t\t\t\t\t\t\t<\/div>\n\t\t\t\t<\/div>\n\t\t\t\t<div class=\"elementor-element elementor-element-2c9156e elementor-widget elementor-widget-heading\" data-id=\"2c9156e\" data-element_type=\"widget\" data-widget_type=\"heading.default\">\n\t\t\t\t<div class=\"elementor-widget-container\">\n\t\t\t\t\t<h6 class=\"elementor-heading-title elementor-size-default\">POL\u00cdTICA DE PRIVACIDADE LIMITADA DA CIBFX <\/h6>\t\t\t\t<\/div>\n\t\t\t\t<\/div>\n\t\t\t\t<div class=\"elementor-element elementor-element-ede4fd1 elementor-widget elementor-widget-spacer\" data-id=\"ede4fd1\" data-element_type=\"widget\" data-widget_type=\"spacer.default\">\n\t\t\t\t<div class=\"elementor-widget-container\">\n\t\t\t\t\t\t\t<div class=\"elementor-spacer\">\n\t\t\t<div class=\"elementor-spacer-inner\"><\/div>\n\t\t<\/div>\n\t\t\t\t\t\t<\/div>\n\t\t\t\t<\/div>\n\t\t\t\t<div class=\"elementor-element elementor-element-d452ede elementor-widget elementor-widget-text-editor\" data-id=\"d452ede\" data-element_type=\"widget\" data-widget_type=\"text-editor.default\">\n\t\t\t\t<div class=\"elementor-widget-container\">\n\t\t\t\t\t\t\t\t\t<p><span style=\"color: #eb222a;\"><strong>Atualiza\u00e7\u00e3o de informa\u00e7\u00f5es<\/strong><\/span>&nbsp;Se houver uma mudan\u00e7a em seus dados pessoais, voc\u00ea pode enviar as novas informa\u00e7\u00f5es por e-mail para a CIBfx em support@Cibfx.com o mais r\u00e1pido poss\u00edvel. De acordo com suas instru\u00e7\u00f5es, a CIBfx atualizar\u00e1 seus dados pessoais.<\/p>\n<p><span style=\"color: #eb222a;\"><strong>Uso de cookies <\/strong><\/span>Quando voc\u00ea abre uma conta CIBfx e a acessa atrav\u00e9s de seu navegador, surgir\u00e1 a necessidade de habilitar a aceita\u00e7\u00e3o de cookies. Cookies ou pequenos pacotes de informa\u00e7\u00f5es recebidos por seu computador e que contenham um n\u00famero de identifica\u00e7\u00e3o \u00fanico. Eles s\u00e3o utilizados por nossas plataformas e servi\u00e7os para preparar o navegador para seu uso, exig\u00eancias e prefer\u00eancias. Isto ajuda a CIBfx a melhorar sua experi\u00eancia comercial quando voc\u00ea utiliza nossos servi\u00e7os. Os cookies tamb\u00e9m desempenham um papel importante na seguran\u00e7a de v\u00e1rias se\u00e7\u00f5es de nossos servi\u00e7os online. Voc\u00ea n\u00e3o poder\u00e1 visualizar partes seguras do website da CIB CIBfx em cookies.&nbsp;<\/p>\n<p><span style=\"color: #eb222a;\"><strong>Seus direitos<\/strong><\/span> Conforme as leis de prote\u00e7\u00e3o de dados que regem os servi\u00e7os da CIBfx todos os comerciantes t\u00eam o direito de obter informa\u00e7\u00f5es pessoais a seu respeito da CIBfx e nos informar sobre qualquer imprecis\u00e3o percebida. Caso deseje fazer uma consulta, voc\u00ea pode nos enviar um e-mail para <strong>support@Cibfx.com<\/strong>. Se n\u00e3o houver restri\u00e7\u00f5es legais para compartilhar as informa\u00e7\u00f5es, reconheceremos e executaremos seu pedido dentro de 40 dias ap\u00f3s sua solicita\u00e7\u00e3o. Talvez voc\u00ea tenha que arcar com alguns custos para encontrar, revisar e enviar o material solicitado.<\/p>\t\t\t\t\t\t\t\t<\/div>\n\t\t\t\t<\/div>\n\t\t\t\t\t<\/div>\n\t\t<\/div>\n\t\t\t\t\t<\/div>\n\t\t<\/section>\n\t\t\t\t<\/div>\n\t\t","protected":false},"excerpt":{"rendered":"<p>Pol\u00edtica de privacidade A CIBfx\u00a0coloca grande \u00eanfase em manter as informa\u00e7\u00f5es compartilhadas pelos usu\u00e1rios e visitantes de nosso website em car\u00e1ter privado e confidencial. O uso dos dados que voc\u00ea compartilhar conosco ser\u00e1 regido por esta Pol\u00edtica de Privacidade Forex. A CIBfx\u00a0adere \u00e0s disposi\u00e7\u00f5es de prote\u00e7\u00e3o de dados, conforme mencionado na Lei Internacional. A fim [&hellip;]<\/p>\n","protected":false},"author":3,"featured_media":0,"parent":0,"menu_order":0,"comment_status":"closed","ping_status":"closed","template":"elementor_header_footer","meta":{"footnotes":""},"class_list":["post-19883","page","type-page","status-publish","hentry"],"yoast_head":"<!-- This site is optimized with the Yoast SEO plugin v23.4 - https:\/\/yoast.com\/wordpress\/plugins\/seo\/ -->\n<title>Pol\u00edtica de privacidade - CIBFX<\/title>\n<meta name=\"robots\" content=\"index, follow, max-snippet:-1, max-image-preview:large, max-video-preview:-1\" \/>\n<link rel=\"canonical\" href=\"https:\/\/cibfx.com\/pt-br\/politica-de-privacidade\/\" \/>\n<meta property=\"og:locale\" content=\"pt_BR\" \/>\n<meta property=\"og:type\" content=\"article\" \/>\n<meta property=\"og:title\" content=\"Pol\u00edtica de privacidade - CIBFX\" \/>\n<meta property=\"og:description\" content=\"Pol\u00edtica de privacidade A CIBfx\u00a0coloca grande \u00eanfase em manter as informa\u00e7\u00f5es compartilhadas pelos usu\u00e1rios e visitantes de nosso website em car\u00e1ter privado e confidencial. O uso dos dados que voc\u00ea compartilhar conosco ser\u00e1 regido por esta Pol\u00edtica de Privacidade Forex. A CIBfx\u00a0adere \u00e0s disposi\u00e7\u00f5es de prote\u00e7\u00e3o de dados, conforme mencionado na Lei Internacional. A fim [&hellip;]\" \/>\n<meta property=\"og:url\" content=\"https:\/\/cibfx.com\/pt-br\/politica-de-privacidade\/\" \/>\n<meta property=\"og:site_name\" content=\"CIBFX\" \/>\n<meta property=\"article:modified_time\" content=\"2023-05-08T17:32:11+00:00\" \/>\n<meta name=\"twitter:card\" content=\"summary_large_image\" \/>\n<meta name=\"twitter:label1\" content=\"Est. tempo de leitura\" \/>\n\t<meta name=\"twitter:data1\" content=\"4 minutos\" \/>\n<script type=\"application\/ld+json\" class=\"yoast-schema-graph\">{\"@context\":\"https:\/\/schema.org\",\"@graph\":[{\"@type\":\"WebPage\",\"@id\":\"https:\/\/cibfx.com\/pt-br\/politica-de-privacidade\/\",\"url\":\"https:\/\/cibfx.com\/pt-br\/politica-de-privacidade\/\",\"name\":\"Pol\u00edtica de privacidade - CIBFX\",\"isPartOf\":{\"@id\":\"https:\/\/cibfx.com\/#website\"},\"datePublished\":\"2022-04-18T21:59:37+00:00\",\"dateModified\":\"2023-05-08T17:32:11+00:00\",\"breadcrumb\":{\"@id\":\"https:\/\/cibfx.com\/pt-br\/politica-de-privacidade\/#breadcrumb\"},\"inLanguage\":\"pt-BR\",\"potentialAction\":[{\"@type\":\"ReadAction\",\"target\":[\"https:\/\/cibfx.com\/pt-br\/politica-de-privacidade\/\"]}]},{\"@type\":\"BreadcrumbList\",\"@id\":\"https:\/\/cibfx.com\/pt-br\/politica-de-privacidade\/#breadcrumb\",\"itemListElement\":[{\"@type\":\"ListItem\",\"position\":1,\"name\":\"Portada\",\"item\":\"https:\/\/cibfx.com\/pt-br\/\"},{\"@type\":\"ListItem\",\"position\":2,\"name\":\"Pol\u00edtica de privacidade\"}]},{\"@type\":\"WebSite\",\"@id\":\"https:\/\/cibfx.com\/#website\",\"url\":\"https:\/\/cibfx.com\/\",\"name\":\"CIBFX\",\"description\":\"Trading online seguro y confiable\",\"potentialAction\":[{\"@type\":\"SearchAction\",\"target\":{\"@type\":\"EntryPoint\",\"urlTemplate\":\"https:\/\/cibfx.com\/?s={search_term_string}\"},\"query-input\":{\"@type\":\"PropertyValueSpecification\",\"valueRequired\":true,\"valueName\":\"search_term_string\"}}],\"inLanguage\":\"pt-BR\"}]}<\/script>\n<!-- \/ Yoast SEO plugin. -->","yoast_head_json":{"title":"Pol\u00edtica de privacidade - CIBFX","robots":{"index":"index","follow":"follow","max-snippet":"max-snippet:-1","max-image-preview":"max-image-preview:large","max-video-preview":"max-video-preview:-1"},"canonical":"https:\/\/cibfx.com\/pt-br\/politica-de-privacidade\/","og_locale":"pt_BR","og_type":"article","og_title":"Pol\u00edtica de privacidade - CIBFX","og_description":"Pol\u00edtica de privacidade A CIBfx\u00a0coloca grande \u00eanfase em manter as informa\u00e7\u00f5es compartilhadas pelos usu\u00e1rios e visitantes de nosso website em car\u00e1ter privado e confidencial. O uso dos dados que voc\u00ea compartilhar conosco ser\u00e1 regido por esta Pol\u00edtica de Privacidade Forex. A CIBfx\u00a0adere \u00e0s disposi\u00e7\u00f5es de prote\u00e7\u00e3o de dados, conforme mencionado na Lei Internacional. A fim [&hellip;]","og_url":"https:\/\/cibfx.com\/pt-br\/politica-de-privacidade\/","og_site_name":"CIBFX","article_modified_time":"2023-05-08T17:32:11+00:00","twitter_card":"summary_large_image","twitter_misc":{"Est. tempo de leitura":"4 minutos"},"schema":{"@context":"https:\/\/schema.org","@graph":[{"@type":"WebPage","@id":"https:\/\/cibfx.com\/pt-br\/politica-de-privacidade\/","url":"https:\/\/cibfx.com\/pt-br\/politica-de-privacidade\/","name":"Pol\u00edtica de privacidade - CIBFX","isPartOf":{"@id":"https:\/\/cibfx.com\/#website"},"datePublished":"2022-04-18T21:59:37+00:00","dateModified":"2023-05-08T17:32:11+00:00","breadcrumb":{"@id":"https:\/\/cibfx.com\/pt-br\/politica-de-privacidade\/#breadcrumb"},"inLanguage":"pt-BR","potentialAction":[{"@type":"ReadAction","target":["https:\/\/cibfx.com\/pt-br\/politica-de-privacidade\/"]}]},{"@type":"BreadcrumbList","@id":"https:\/\/cibfx.com\/pt-br\/politica-de-privacidade\/#breadcrumb","itemListElement":[{"@type":"ListItem","position":1,"name":"Portada","item":"https:\/\/cibfx.com\/pt-br\/"},{"@type":"ListItem","position":2,"name":"Pol\u00edtica de privacidade"}]},{"@type":"WebSite","@id":"https:\/\/cibfx.com\/#website","url":"https:\/\/cibfx.com\/","name":"CIBFX","description":"Trading online seguro y confiable","potentialAction":[{"@type":"SearchAction","target":{"@type":"EntryPoint","urlTemplate":"https:\/\/cibfx.com\/?s={search_term_string}"},"query-input":{"@type":"PropertyValueSpecification","valueRequired":true,"valueName":"search_term_string"}}],"inLanguage":"pt-BR"}]}},"_links":{"self":[{"href":"https:\/\/cibfx.com\/pt-br\/wp-json\/wp\/v2\/pages\/19883","targetHints":{"allow":["GET"]}}],"collection":[{"href":"https:\/\/cibfx.com\/pt-br\/wp-json\/wp\/v2\/pages"}],"about":[{"href":"https:\/\/cibfx.com\/pt-br\/wp-json\/wp\/v2\/types\/page"}],"author":[{"embeddable":true,"href":"https:\/\/cibfx.com\/pt-br\/wp-json\/wp\/v2\/users\/3"}],"replies":[{"embeddable":true,"href":"https:\/\/cibfx.com\/pt-br\/wp-json\/wp\/v2\/comments?post=19883"}],"version-history":[{"count":3,"href":"https:\/\/cibfx.com\/pt-br\/wp-json\/wp\/v2\/pages\/19883\/revisions"}],"predecessor-version":[{"id":21630,"href":"https:\/\/cibfx.com\/pt-br\/wp-json\/wp\/v2\/pages\/19883\/revisions\/21630"}],"wp:attachment":[{"href":"https:\/\/cibfx.com\/pt-br\/wp-json\/wp\/v2\/media?parent=19883"}],"curies":[{"name":"wp","href":"https:\/\/api.w.org\/{rel}","templated":true}]}}