{"id":19824,"date":"2022-04-18T18:25:54","date_gmt":"2022-04-18T18:25:54","guid":{"rendered":"https:\/\/test.cibfx.com\/brokers-introductores\/"},"modified":"2022-08-03T23:45:44","modified_gmt":"2022-08-03T23:45:44","slug":"apresentacao-dos-corretores","status":"publish","type":"page","link":"https:\/\/cibfx.com\/pt-br\/apresentacao-dos-corretores\/","title":{"rendered":"Apresenta\u00e7\u00e3o dos Corretores"},"content":{"rendered":"\t\t<div data-elementor-type=\"wp-page\" data-elementor-id=\"19824\" class=\"elementor elementor-19824 elementor-487\">\n\t\t\t\t\t\t<section class=\"elementor-section elementor-top-section elementor-element elementor-element-f2ae17f elementor-section-boxed elementor-section-height-default elementor-section-height-default\" data-id=\"f2ae17f\" data-element_type=\"section\">\n\t\t\t\t\t\t<div class=\"elementor-container elementor-column-gap-default\">\n\t\t\t\t\t<div class=\"elementor-column elementor-col-50 elementor-top-column elementor-element elementor-element-e7965ba\" data-id=\"e7965ba\" data-element_type=\"column\">\n\t\t\t<div class=\"elementor-widget-wrap elementor-element-populated\">\n\t\t\t\t\t\t<div class=\"elementor-element elementor-element-66bb8e7 elementor-widget elementor-widget-heading\" data-id=\"66bb8e7\" data-element_type=\"widget\" data-widget_type=\"heading.default\">\n\t\t\t\t<div class=\"elementor-widget-container\">\n\t\t\t\t\t<h6 class=\"elementor-heading-title elementor-size-default\"><strong>Esquema de refer\u00eancia <\/strong><\/h6>\t\t\t\t<\/div>\n\t\t\t\t<\/div>\n\t\t\t\t<div class=\"elementor-element elementor-element-375da12 elementor-widget elementor-widget-spacer\" data-id=\"375da12\" data-element_type=\"widget\" data-widget_type=\"spacer.default\">\n\t\t\t\t<div class=\"elementor-widget-container\">\n\t\t\t\t\t\t\t<div class=\"elementor-spacer\">\n\t\t\t<div class=\"elementor-spacer-inner\"><\/div>\n\t\t<\/div>\n\t\t\t\t\t\t<\/div>\n\t\t\t\t<\/div>\n\t\t\t\t<div class=\"elementor-element elementor-element-dfe336f elementor-widget elementor-widget-heading\" data-id=\"dfe336f\" data-element_type=\"widget\" data-widget_type=\"heading.default\">\n\t\t\t\t<div class=\"elementor-widget-container\">\n\t\t\t\t\t<h6 class=\"elementor-heading-title elementor-size-default\">N\u00f3s fazemos o trabalho por voc\u00ea!<\/h6>\t\t\t\t<\/div>\n\t\t\t\t<\/div>\n\t\t\t\t<div class=\"elementor-element elementor-element-10ff807 elementor-widget elementor-widget-text-editor\" data-id=\"10ff807\" data-element_type=\"widget\" data-widget_type=\"text-editor.default\">\n\t\t\t\t<div class=\"elementor-widget-container\">\n\t\t\t\t\t\t\t\t\t<p>Todos os servi\u00e7os de corretagem s\u00e3o fornecidos pela CIBfx, permitindo que os IBs se concentrem inteiramente em seus neg\u00f3cios e ganhem comiss\u00f5es. Nosso programa IB \u00e9 gratuito e pode ser um neg\u00f3cio lucrativo; tudo o que voc\u00ea precisa \u00e9 o entusiasmo e a motiva\u00e7\u00e3o para apresentar novos clientes \u00e0 CIBfx.<\/p>\t\t\t\t\t\t\t\t<\/div>\n\t\t\t\t<\/div>\n\t\t\t\t<div class=\"elementor-element elementor-element-22d6acb elementor-widget elementor-widget-heading\" data-id=\"22d6acb\" data-element_type=\"widget\" data-widget_type=\"heading.default\">\n\t\t\t\t<div class=\"elementor-widget-container\">\n\t\t\t\t\t<h6 class=\"elementor-heading-title elementor-size-default\">CIBfx NEW Generation IB's<\/h6>\t\t\t\t<\/div>\n\t\t\t\t<\/div>\n\t\t\t\t<div class=\"elementor-element elementor-element-808a250 elementor-widget elementor-widget-text-editor\" data-id=\"808a250\" data-element_type=\"widget\" data-widget_type=\"text-editor.default\">\n\t\t\t\t<div class=\"elementor-widget-container\">\n\t\t\t\t\t\t\t\t\t<ul><li><p>50% de acordos de compartilhamento de receitas.<\/p><\/li><li><p>Apoio financeiro e t\u00e9cnico para o estabelecimento de seu neg\u00f3cio (incluindo a forma\u00e7\u00e3o da empresa, linhas telef\u00f4nicas, website, etc.).<\/p><\/li><li><p>Recompensas de primeiro dep\u00f3sito<br \/>Ferramentas de oferta de b\u00f4nus para seus clientes<\/p><\/li><li><p>Total transpar\u00eancia e acesso a qualquer momento a sua conta de parceiro para acompanhar as comiss\u00f5es<\/p><\/li><li><p>Acesso dedicado de CRM para todos os seus clientes at\u00e9 o momento<\/p><\/li><li><p>*NOVO* Sua pr\u00f3pria conta Metatrader Manager para visualizar as negocia\u00e7\u00f5es em tempo real<\/p><\/li><\/ul>\t\t\t\t\t\t\t\t<\/div>\n\t\t\t\t<\/div>\n\t\t\t\t<div class=\"elementor-element elementor-element-19fb3d3 elementor-widget elementor-widget-spacer\" data-id=\"19fb3d3\" data-element_type=\"widget\" data-widget_type=\"spacer.default\">\n\t\t\t\t<div class=\"elementor-widget-container\">\n\t\t\t\t\t\t\t<div class=\"elementor-spacer\">\n\t\t\t<div class=\"elementor-spacer-inner\"><\/div>\n\t\t<\/div>\n\t\t\t\t\t\t<\/div>\n\t\t\t\t<\/div>\n\t\t\t\t\t<\/div>\n\t\t<\/div>\n\t\t\t\t<div class=\"elementor-column elementor-col-50 elementor-top-column elementor-element elementor-element-7228fec\" data-id=\"7228fec\" data-element_type=\"column\">\n\t\t\t<div class=\"elementor-widget-wrap elementor-element-populated\">\n\t\t\t\t\t\t<div class=\"elementor-element elementor-element-ea62d0c elementor-widget elementor-widget-spacer\" data-id=\"ea62d0c\" data-element_type=\"widget\" data-widget_type=\"spacer.default\">\n\t\t\t\t<div class=\"elementor-widget-container\">\n\t\t\t\t\t\t\t<div class=\"elementor-spacer\">\n\t\t\t<div class=\"elementor-spacer-inner\"><\/div>\n\t\t<\/div>\n\t\t\t\t\t\t<\/div>\n\t\t\t\t<\/div>\n\t\t\t\t<div class=\"elementor-element elementor-element-4a49e19 elementor-widget elementor-widget-image\" data-id=\"4a49e19\" data-element_type=\"widget\" data-widget_type=\"image.default\">\n\t\t\t\t<div class=\"elementor-widget-container\">\n\t\t\t\t\t\t\t\t\t\t\t\t\t\t\t<img fetchpriority=\"high\" decoding=\"async\" width=\"1057\" height=\"846\" src=\"https:\/\/cibfx.com\/wp-content\/uploads\/2022\/03\/banner-imagen-grande.png\" class=\"attachment-full size-full wp-image-18903\" alt=\"\" srcset=\"https:\/\/cibfx.com\/wp-content\/uploads\/2022\/03\/banner-imagen-grande.png 1057w, https:\/\/cibfx.com\/wp-content\/uploads\/2022\/03\/banner-imagen-grande-300x240.png 300w, https:\/\/cibfx.com\/wp-content\/uploads\/2022\/03\/banner-imagen-grande-1024x820.png 1024w, https:\/\/cibfx.com\/wp-content\/uploads\/2022\/03\/banner-imagen-grande-768x615.png 768w\" sizes=\"(max-width: 1057px) 100vw, 1057px\" \/>\t\t\t\t\t\t\t\t\t\t\t\t\t\t\t<\/div>\n\t\t\t\t<\/div>\n\t\t\t\t<div class=\"elementor-element elementor-element-16bf643 elementor-widget elementor-widget-spacer\" data-id=\"16bf643\" data-element_type=\"widget\" data-widget_type=\"spacer.default\">\n\t\t\t\t<div class=\"elementor-widget-container\">\n\t\t\t\t\t\t\t<div class=\"elementor-spacer\">\n\t\t\t<div class=\"elementor-spacer-inner\"><\/div>\n\t\t<\/div>\n\t\t\t\t\t\t<\/div>\n\t\t\t\t<\/div>\n\t\t\t\t<div class=\"elementor-element elementor-element-4c4dd0a elementor-align-center elementor-widget elementor-widget-button\" data-id=\"4c4dd0a\" data-element_type=\"widget\" data-widget_type=\"button.default\">\n\t\t\t\t<div class=\"elementor-widget-container\">\n\t\t\t\t\t\t\t\t\t<div class=\"elementor-button-wrapper\">\n\t\t\t\t\t<a class=\"elementor-button elementor-button-link elementor-size-sm\" href=\"#\">\n\t\t\t\t\t\t<span class=\"elementor-button-content-wrapper\">\n\t\t\t\t\t\t\t\t\t<span class=\"elementor-button-text\">Registrarse<\/span>\n\t\t\t\t\t<\/span>\n\t\t\t\t\t<\/a>\n\t\t\t\t<\/div>\n\t\t\t\t\t\t\t\t<\/div>\n\t\t\t\t<\/div>\n\t\t\t\t<div class=\"elementor-element elementor-element-5797e90 elementor-widget elementor-widget-spacer\" data-id=\"5797e90\" data-element_type=\"widget\" data-widget_type=\"spacer.default\">\n\t\t\t\t<div class=\"elementor-widget-container\">\n\t\t\t\t\t\t\t<div class=\"elementor-spacer\">\n\t\t\t<div class=\"elementor-spacer-inner\"><\/div>\n\t\t<\/div>\n\t\t\t\t\t\t<\/div>\n\t\t\t\t<\/div>\n\t\t\t\t<div class=\"elementor-element elementor-element-8189c2d elementor-widget elementor-widget-spacer\" data-id=\"8189c2d\" data-element_type=\"widget\" data-widget_type=\"spacer.default\">\n\t\t\t\t<div class=\"elementor-widget-container\">\n\t\t\t\t\t\t\t<div class=\"elementor-spacer\">\n\t\t\t<div class=\"elementor-spacer-inner\"><\/div>\n\t\t<\/div>\n\t\t\t\t\t\t<\/div>\n\t\t\t\t<\/div>\n\t\t\t\t<div class=\"elementor-element elementor-element-6a83dc0 elementor-widget elementor-widget-spacer\" data-id=\"6a83dc0\" data-element_type=\"widget\" data-widget_type=\"spacer.default\">\n\t\t\t\t<div class=\"elementor-widget-container\">\n\t\t\t\t\t\t\t<div class=\"elementor-spacer\">\n\t\t\t<div class=\"elementor-spacer-inner\"><\/div>\n\t\t<\/div>\n\t\t\t\t\t\t<\/div>\n\t\t\t\t<\/div>\n\t\t\t\t\t<\/div>\n\t\t<\/div>\n\t\t\t\t\t<\/div>\n\t\t<\/section>\n\t\t\t\t<section class=\"elementor-section elementor-top-section elementor-element elementor-element-3864b9d elementor-section-boxed elementor-section-height-default elementor-section-height-default\" data-id=\"3864b9d\" data-element_type=\"section\">\n\t\t\t\t\t\t<div class=\"elementor-container elementor-column-gap-default\">\n\t\t\t\t\t<div class=\"elementor-column elementor-col-100 elementor-top-column elementor-element elementor-element-bce20aa\" data-id=\"bce20aa\" data-element_type=\"column\">\n\t\t\t<div class=\"elementor-widget-wrap elementor-element-populated\">\n\t\t\t\t\t\t<div class=\"elementor-element elementor-element-19b8cae elementor-widget elementor-widget-text-editor\" data-id=\"19b8cae\" data-element_type=\"widget\" data-widget_type=\"text-editor.default\">\n\t\t\t\t<div class=\"elementor-widget-container\">\n\t\t\t\t\t\t\t\t\t<p style=\"text-align: center;\"><strong>*Cada gera\u00e7\u00e3o de filiados (15) recebe uma conta <span style=\"color: #ff0000;\">em seu nome com $2.000 sac\u00e1veis.<\/span><\/strong><\/p>\t\t\t\t\t\t\t\t<\/div>\n\t\t\t\t<\/div>\n\t\t\t\t\t<\/div>\n\t\t<\/div>\n\t\t\t\t\t<\/div>\n\t\t<\/section>\n\t\t\t\t<section class=\"elementor-section elementor-top-section elementor-element elementor-element-ce944f1 elementor-section-boxed elementor-section-height-default elementor-section-height-default\" data-id=\"ce944f1\" data-element_type=\"section\">\n\t\t\t\t\t\t<div class=\"elementor-container elementor-column-gap-default\">\n\t\t\t\t\t<div class=\"elementor-column elementor-col-50 elementor-top-column elementor-element elementor-element-9958283\" data-id=\"9958283\" data-element_type=\"column\">\n\t\t\t<div class=\"elementor-widget-wrap elementor-element-populated\">\n\t\t\t\t\t\t<div class=\"elementor-element elementor-element-9720cdd elementor-widget elementor-widget-heading\" data-id=\"9720cdd\" data-element_type=\"widget\" data-widget_type=\"heading.default\">\n\t\t\t\t<div class=\"elementor-widget-container\">\n\t\t\t\t\t<h6 class=\"elementor-heading-title elementor-size-default\">Benef\u00edcios do corretor<\/h6>\t\t\t\t<\/div>\n\t\t\t\t<\/div>\n\t\t\t\t<div class=\"elementor-element elementor-element-f78f1d5 elementor-widget elementor-widget-text-editor\" data-id=\"f78f1d5\" data-element_type=\"widget\" data-widget_type=\"text-editor.default\">\n\t\t\t\t<div class=\"elementor-widget-container\">\n\t\t\t\t\t\t\t\t\t<ul><li><p>Programa de comiss\u00f5es competitivo e crescente &#8211; quanto mais clientes voc\u00ea indicar, maior ser\u00e1 o seu potencial de ganhos<\/p><\/li><li><p>Pagamentos transparentes e flex\u00edveis: receba o pagamento da primeira transa\u00e7\u00e3o que um cliente fizer e retire sua comiss\u00e3o sempre que quiser. Sem restri\u00e7\u00f5es sobre quando ou quanto voc\u00ea pode retirar<\/p><\/li><li><p>Gerente de conta dedicado e amig\u00e1vel &#8211; obtenha assist\u00eancia de nossa equipe multil\u00edng\u00fce para quaisquer d\u00favidas ou problemas.<\/p><\/li><li><p>Transpar\u00eancia total e acesso 24\/7 \u00e0 sua conta IB &#8211; veja seus ganhos e gere extratos sempre que quiser.<\/p><\/li><li><p>Ampla gama de material de marketing.<br \/>Back office e suporte comercial &#8211; excelente servi\u00e7o para seus clientes em todos os momentos.<\/p><\/li><li><p>Expans\u00e3o constante da gama de produtos comerciais (Forex, Energias, Metais, \u00cdndices, A\u00e7\u00f5es e Futuros)<br \/>Confiabilidade de trabalhar com uma empresa financeira licenciada e regulamentada pela UE<\/p><\/li><li><p>Processo r\u00e1pido e eficiente de abertura de conta para seus clientes.<\/p><\/li><li><p>Suporte t\u00e9cnico e de atendimento ao cliente completo atrav\u00e9s de nosso back office.<\/p><\/li><\/ul>\t\t\t\t\t\t\t\t<\/div>\n\t\t\t\t<\/div>\n\t\t\t\t<div class=\"elementor-element elementor-element-b559532 elementor-widget elementor-widget-heading\" data-id=\"b559532\" data-element_type=\"widget\" data-widget_type=\"heading.default\">\n\t\t\t\t<div class=\"elementor-widget-container\">\n\t\t\t\t\t<h6 class=\"elementor-heading-title elementor-size-default\">\nBenef\u00edcios para seus clientes<\/h6>\t\t\t\t<\/div>\n\t\t\t\t<\/div>\n\t\t\t\t<div class=\"elementor-element elementor-element-1549e76 elementor-widget elementor-widget-text-editor\" data-id=\"1549e76\" data-element_type=\"widget\" data-widget_type=\"text-editor.default\">\n\t\t\t\t<div class=\"elementor-widget-container\">\n\t\t\t\t\t\t\t\t\t<ul><li><p>Gerente de conta dedicado<\/p><\/li><li><p>Ampla gama de instrumentos incluindo Forex, energias, metais, \u00edndices, a\u00e7\u00f5es e contratos futuros<\/p><\/li><li><p>Baixa propaga\u00e7\u00e3o e alavancagem flex\u00edvel<\/p><\/li><li><p>Baixos requisitos de dep\u00f3sito inicial e negocia\u00e7\u00e3o de micro lotes<br \/>Com\u00e9rcio atrav\u00e9s de sinais sociais<\/p><\/li><li><p>Suporte multil\u00edng\u00fce 24 horas<\/p><\/li><li><p>Plataformas Desktop, iPhone, IPad, BlackBerry, Android, Windows Mobile\u00a0<\/p><\/li><li><p>Solu\u00e7\u00f5es r\u00e1pidas e f\u00e1ceis de dep\u00f3sito e saque<br \/>Execu\u00e7\u00e3o autom\u00e1tica ao melhor pre\u00e7o de mercado em milissegundos<\/p><\/li><\/ul>\t\t\t\t\t\t\t\t<\/div>\n\t\t\t\t<\/div>\n\t\t\t\t<div class=\"elementor-element elementor-element-d685eb0 elementor-widget elementor-widget-spacer\" data-id=\"d685eb0\" data-element_type=\"widget\" data-widget_type=\"spacer.default\">\n\t\t\t\t<div class=\"elementor-widget-container\">\n\t\t\t\t\t\t\t<div class=\"elementor-spacer\">\n\t\t\t<div class=\"elementor-spacer-inner\"><\/div>\n\t\t<\/div>\n\t\t\t\t\t\t<\/div>\n\t\t\t\t<\/div>\n\t\t\t\t\t<\/div>\n\t\t<\/div>\n\t\t\t\t<div class=\"elementor-column elementor-col-50 elementor-top-column elementor-element elementor-element-2cb9b6c\" data-id=\"2cb9b6c\" data-element_type=\"column\">\n\t\t\t<div class=\"elementor-widget-wrap elementor-element-populated\">\n\t\t\t\t\t\t<div class=\"elementor-element elementor-element-7aca9c3 e-transform elementor-widget elementor-widget-image\" data-id=\"7aca9c3\" data-element_type=\"widget\" data-settings=\"{&quot;_transform_rotateZ_effect&quot;:{&quot;unit&quot;:&quot;px&quot;,&quot;size&quot;:-52,&quot;sizes&quot;:[]},&quot;_transform_rotateZ_effect_tablet&quot;:{&quot;unit&quot;:&quot;deg&quot;,&quot;size&quot;:&quot;&quot;,&quot;sizes&quot;:[]},&quot;_transform_rotateZ_effect_mobile&quot;:{&quot;unit&quot;:&quot;deg&quot;,&quot;size&quot;:&quot;&quot;,&quot;sizes&quot;:[]}}\" data-widget_type=\"image.default\">\n\t\t\t\t<div class=\"elementor-widget-container\">\n\t\t\t\t\t\t\t\t\t\t\t\t\t\t\t<img decoding=\"async\" width=\"800\" height=\"533\" src=\"https:\/\/cibfx.com\/wp-content\/uploads\/2022\/06\/close-up-hands-business-concept.png\" class=\"attachment-large size-large wp-image-19235\" alt=\"\" srcset=\"https:\/\/cibfx.com\/wp-content\/uploads\/2022\/06\/close-up-hands-business-concept.png 900w, https:\/\/cibfx.com\/wp-content\/uploads\/2022\/06\/close-up-hands-business-concept-300x200.png 300w, https:\/\/cibfx.com\/wp-content\/uploads\/2022\/06\/close-up-hands-business-concept-768x512.png 768w\" sizes=\"(max-width: 800px) 100vw, 800px\" \/>\t\t\t\t\t\t\t\t\t\t\t\t\t\t\t<\/div>\n\t\t\t\t<\/div>\n\t\t\t\t<div class=\"elementor-element elementor-element-1e01a82 elementor-align-center elementor-widget elementor-widget-button\" data-id=\"1e01a82\" data-element_type=\"widget\" data-widget_type=\"button.default\">\n\t\t\t\t<div class=\"elementor-widget-container\">\n\t\t\t\t\t\t\t\t\t<div class=\"elementor-button-wrapper\">\n\t\t\t\t\t<a class=\"elementor-button elementor-button-link elementor-size-sm\" href=\"#\">\n\t\t\t\t\t\t<span class=\"elementor-button-content-wrapper\">\n\t\t\t\t\t\t\t\t\t<span class=\"elementor-button-text\">registrar<\/span>\n\t\t\t\t\t<\/span>\n\t\t\t\t\t<\/a>\n\t\t\t\t<\/div>\n\t\t\t\t\t\t\t\t<\/div>\n\t\t\t\t<\/div>\n\t\t\t\t\t<\/div>\n\t\t<\/div>\n\t\t\t\t\t<\/div>\n\t\t<\/section>\n\t\t\t\t<\/div>\n\t\t","protected":false},"excerpt":{"rendered":"<p>Esquema de refer\u00eancia N\u00f3s fazemos o trabalho por voc\u00ea! Todos os servi\u00e7os de corretagem s\u00e3o fornecidos pela CIBfx, permitindo que os IBs se concentrem inteiramente em seus neg\u00f3cios e ganhem comiss\u00f5es. Nosso programa IB \u00e9 gratuito e pode ser um neg\u00f3cio lucrativo; tudo o que voc\u00ea precisa \u00e9 o entusiasmo e a motiva\u00e7\u00e3o para apresentar [&hellip;]<\/p>\n","protected":false},"author":3,"featured_media":0,"parent":0,"menu_order":0,"comment_status":"closed","ping_status":"closed","template":"elementor_header_footer","meta":{"footnotes":""},"class_list":["post-19824","page","type-page","status-publish","hentry"],"yoast_head":"<!-- This site is optimized with the Yoast SEO plugin v23.4 - https:\/\/yoast.com\/wordpress\/plugins\/seo\/ -->\n<title>Apresenta\u00e7\u00e3o dos Corretores - CIBFX<\/title>\n<meta name=\"robots\" content=\"index, follow, max-snippet:-1, max-image-preview:large, max-video-preview:-1\" \/>\n<link rel=\"canonical\" href=\"https:\/\/cibfx.com\/pt-br\/apresentacao-dos-corretores\/\" \/>\n<meta property=\"og:locale\" content=\"pt_BR\" \/>\n<meta property=\"og:type\" content=\"article\" \/>\n<meta property=\"og:title\" content=\"Apresenta\u00e7\u00e3o dos Corretores - CIBFX\" \/>\n<meta property=\"og:description\" content=\"Esquema de refer\u00eancia N\u00f3s fazemos o trabalho por voc\u00ea! Todos os servi\u00e7os de corretagem s\u00e3o fornecidos pela CIBfx, permitindo que os IBs se concentrem inteiramente em seus neg\u00f3cios e ganhem comiss\u00f5es. Nosso programa IB \u00e9 gratuito e pode ser um neg\u00f3cio lucrativo; tudo o que voc\u00ea precisa \u00e9 o entusiasmo e a motiva\u00e7\u00e3o para apresentar [&hellip;]\" \/>\n<meta property=\"og:url\" content=\"https:\/\/cibfx.com\/pt-br\/apresentacao-dos-corretores\/\" \/>\n<meta property=\"og:site_name\" content=\"CIBFX\" \/>\n<meta property=\"article:modified_time\" content=\"2022-08-03T23:45:44+00:00\" \/>\n<meta property=\"og:image\" content=\"https:\/\/test.cibfx.com\/wp-content\/uploads\/2022\/03\/banner-imagen-grande.png\" \/>\n<meta name=\"twitter:card\" content=\"summary_large_image\" \/>\n<meta name=\"twitter:label1\" content=\"Est. tempo de leitura\" \/>\n\t<meta name=\"twitter:data1\" content=\"2 minutos\" \/>\n<script type=\"application\/ld+json\" class=\"yoast-schema-graph\">{\"@context\":\"https:\/\/schema.org\",\"@graph\":[{\"@type\":\"WebPage\",\"@id\":\"https:\/\/cibfx.com\/pt-br\/apresentacao-dos-corretores\/\",\"url\":\"https:\/\/cibfx.com\/pt-br\/apresentacao-dos-corretores\/\",\"name\":\"Apresenta\u00e7\u00e3o dos Corretores - CIBFX\",\"isPartOf\":{\"@id\":\"https:\/\/cibfx.com\/#website\"},\"primaryImageOfPage\":{\"@id\":\"https:\/\/cibfx.com\/pt-br\/apresentacao-dos-corretores\/#primaryimage\"},\"image\":{\"@id\":\"https:\/\/cibfx.com\/pt-br\/apresentacao-dos-corretores\/#primaryimage\"},\"thumbnailUrl\":\"https:\/\/test.cibfx.com\/wp-content\/uploads\/2022\/03\/banner-imagen-grande.png\",\"datePublished\":\"2022-04-18T18:25:54+00:00\",\"dateModified\":\"2022-08-03T23:45:44+00:00\",\"breadcrumb\":{\"@id\":\"https:\/\/cibfx.com\/pt-br\/apresentacao-dos-corretores\/#breadcrumb\"},\"inLanguage\":\"pt-BR\",\"potentialAction\":[{\"@type\":\"ReadAction\",\"target\":[\"https:\/\/cibfx.com\/pt-br\/apresentacao-dos-corretores\/\"]}]},{\"@type\":\"ImageObject\",\"inLanguage\":\"pt-BR\",\"@id\":\"https:\/\/cibfx.com\/pt-br\/apresentacao-dos-corretores\/#primaryimage\",\"url\":\"https:\/\/test.cibfx.com\/wp-content\/uploads\/2022\/03\/banner-imagen-grande.png\",\"contentUrl\":\"https:\/\/test.cibfx.com\/wp-content\/uploads\/2022\/03\/banner-imagen-grande.png\"},{\"@type\":\"BreadcrumbList\",\"@id\":\"https:\/\/cibfx.com\/pt-br\/apresentacao-dos-corretores\/#breadcrumb\",\"itemListElement\":[{\"@type\":\"ListItem\",\"position\":1,\"name\":\"Portada\",\"item\":\"https:\/\/cibfx.com\/pt-br\/\"},{\"@type\":\"ListItem\",\"position\":2,\"name\":\"Apresenta\u00e7\u00e3o dos Corretores\"}]},{\"@type\":\"WebSite\",\"@id\":\"https:\/\/cibfx.com\/#website\",\"url\":\"https:\/\/cibfx.com\/\",\"name\":\"CIBFX\",\"description\":\"Trading online seguro y confiable\",\"potentialAction\":[{\"@type\":\"SearchAction\",\"target\":{\"@type\":\"EntryPoint\",\"urlTemplate\":\"https:\/\/cibfx.com\/?s={search_term_string}\"},\"query-input\":{\"@type\":\"PropertyValueSpecification\",\"valueRequired\":true,\"valueName\":\"search_term_string\"}}],\"inLanguage\":\"pt-BR\"}]}<\/script>\n<!-- \/ Yoast SEO plugin. -->","yoast_head_json":{"title":"Apresenta\u00e7\u00e3o dos Corretores - CIBFX","robots":{"index":"index","follow":"follow","max-snippet":"max-snippet:-1","max-image-preview":"max-image-preview:large","max-video-preview":"max-video-preview:-1"},"canonical":"https:\/\/cibfx.com\/pt-br\/apresentacao-dos-corretores\/","og_locale":"pt_BR","og_type":"article","og_title":"Apresenta\u00e7\u00e3o dos Corretores - CIBFX","og_description":"Esquema de refer\u00eancia N\u00f3s fazemos o trabalho por voc\u00ea! Todos os servi\u00e7os de corretagem s\u00e3o fornecidos pela CIBfx, permitindo que os IBs se concentrem inteiramente em seus neg\u00f3cios e ganhem comiss\u00f5es. Nosso programa IB \u00e9 gratuito e pode ser um neg\u00f3cio lucrativo; tudo o que voc\u00ea precisa \u00e9 o entusiasmo e a motiva\u00e7\u00e3o para apresentar [&hellip;]","og_url":"https:\/\/cibfx.com\/pt-br\/apresentacao-dos-corretores\/","og_site_name":"CIBFX","article_modified_time":"2022-08-03T23:45:44+00:00","og_image":[{"url":"https:\/\/test.cibfx.com\/wp-content\/uploads\/2022\/03\/banner-imagen-grande.png"}],"twitter_card":"summary_large_image","twitter_misc":{"Est. tempo de leitura":"2 minutos"},"schema":{"@context":"https:\/\/schema.org","@graph":[{"@type":"WebPage","@id":"https:\/\/cibfx.com\/pt-br\/apresentacao-dos-corretores\/","url":"https:\/\/cibfx.com\/pt-br\/apresentacao-dos-corretores\/","name":"Apresenta\u00e7\u00e3o dos Corretores - CIBFX","isPartOf":{"@id":"https:\/\/cibfx.com\/#website"},"primaryImageOfPage":{"@id":"https:\/\/cibfx.com\/pt-br\/apresentacao-dos-corretores\/#primaryimage"},"image":{"@id":"https:\/\/cibfx.com\/pt-br\/apresentacao-dos-corretores\/#primaryimage"},"thumbnailUrl":"https:\/\/test.cibfx.com\/wp-content\/uploads\/2022\/03\/banner-imagen-grande.png","datePublished":"2022-04-18T18:25:54+00:00","dateModified":"2022-08-03T23:45:44+00:00","breadcrumb":{"@id":"https:\/\/cibfx.com\/pt-br\/apresentacao-dos-corretores\/#breadcrumb"},"inLanguage":"pt-BR","potentialAction":[{"@type":"ReadAction","target":["https:\/\/cibfx.com\/pt-br\/apresentacao-dos-corretores\/"]}]},{"@type":"ImageObject","inLanguage":"pt-BR","@id":"https:\/\/cibfx.com\/pt-br\/apresentacao-dos-corretores\/#primaryimage","url":"https:\/\/test.cibfx.com\/wp-content\/uploads\/2022\/03\/banner-imagen-grande.png","contentUrl":"https:\/\/test.cibfx.com\/wp-content\/uploads\/2022\/03\/banner-imagen-grande.png"},{"@type":"BreadcrumbList","@id":"https:\/\/cibfx.com\/pt-br\/apresentacao-dos-corretores\/#breadcrumb","itemListElement":[{"@type":"ListItem","position":1,"name":"Portada","item":"https:\/\/cibfx.com\/pt-br\/"},{"@type":"ListItem","position":2,"name":"Apresenta\u00e7\u00e3o dos Corretores"}]},{"@type":"WebSite","@id":"https:\/\/cibfx.com\/#website","url":"https:\/\/cibfx.com\/","name":"CIBFX","description":"Trading online seguro y confiable","potentialAction":[{"@type":"SearchAction","target":{"@type":"EntryPoint","urlTemplate":"https:\/\/cibfx.com\/?s={search_term_string}"},"query-input":{"@type":"PropertyValueSpecification","valueRequired":true,"valueName":"search_term_string"}}],"inLanguage":"pt-BR"}]}},"_links":{"self":[{"href":"https:\/\/cibfx.com\/pt-br\/wp-json\/wp\/v2\/pages\/19824","targetHints":{"allow":["GET"]}}],"collection":[{"href":"https:\/\/cibfx.com\/pt-br\/wp-json\/wp\/v2\/pages"}],"about":[{"href":"https:\/\/cibfx.com\/pt-br\/wp-json\/wp\/v2\/types\/page"}],"author":[{"embeddable":true,"href":"https:\/\/cibfx.com\/pt-br\/wp-json\/wp\/v2\/users\/3"}],"replies":[{"embeddable":true,"href":"https:\/\/cibfx.com\/pt-br\/wp-json\/wp\/v2\/comments?post=19824"}],"version-history":[{"count":0,"href":"https:\/\/cibfx.com\/pt-br\/wp-json\/wp\/v2\/pages\/19824\/revisions"}],"wp:attachment":[{"href":"https:\/\/cibfx.com\/pt-br\/wp-json\/wp\/v2\/media?parent=19824"}],"curies":[{"name":"wp","href":"https:\/\/api.w.org\/{rel}","templated":true}]}}