{"id":19775,"date":"2022-04-18T20:33:16","date_gmt":"2022-04-18T20:33:16","guid":{"rendered":"https:\/\/test.cibfx.com\/asociaciones\/"},"modified":"2022-08-03T22:51:06","modified_gmt":"2022-08-03T22:51:06","slug":"parcerias","status":"publish","type":"page","link":"https:\/\/cibfx.com\/pt-br\/parcerias\/","title":{"rendered":"Parcerias"},"content":{"rendered":"\t\t<div data-elementor-type=\"wp-page\" data-elementor-id=\"19775\" class=\"elementor elementor-19775 elementor-498\">\n\t\t\t\t\t\t<section class=\"elementor-section elementor-top-section elementor-element elementor-element-d8ab9d0 elementor-section-boxed elementor-section-height-default elementor-section-height-default\" data-id=\"d8ab9d0\" data-element_type=\"section\">\n\t\t\t\t\t\t<div class=\"elementor-container elementor-column-gap-default\">\n\t\t\t\t\t<div class=\"elementor-column elementor-col-50 elementor-top-column elementor-element elementor-element-049b695\" data-id=\"049b695\" data-element_type=\"column\">\n\t\t\t<div class=\"elementor-widget-wrap elementor-element-populated\">\n\t\t\t\t\t\t<div class=\"elementor-element elementor-element-70d26b9 elementor-widget elementor-widget-spacer\" data-id=\"70d26b9\" data-element_type=\"widget\" data-widget_type=\"spacer.default\">\n\t\t\t\t<div class=\"elementor-widget-container\">\n\t\t\t\t\t\t\t<div class=\"elementor-spacer\">\n\t\t\t<div class=\"elementor-spacer-inner\"><\/div>\n\t\t<\/div>\n\t\t\t\t\t\t<\/div>\n\t\t\t\t<\/div>\n\t\t\t\t<div class=\"elementor-element elementor-element-bf7f317 elementor-widget elementor-widget-heading\" data-id=\"bf7f317\" data-element_type=\"widget\" data-widget_type=\"heading.default\">\n\t\t\t\t<div class=\"elementor-widget-container\">\n\t\t\t\t\t<h6 class=\"elementor-heading-title elementor-size-default\"><a href=\"https:\/\/cibfx.dominiopruebas.com\/introducing-brokers\/\">Apresenta\u00e7\u00e3o dos Corretores (IBs)<\/a><\/h6>\t\t\t\t<\/div>\n\t\t\t\t<\/div>\n\t\t\t\t<div class=\"elementor-element elementor-element-9ca4573 elementor-widget elementor-widget-text-editor\" data-id=\"9ca4573\" data-element_type=\"widget\" data-widget_type=\"text-editor.default\">\n\t\t\t\t<div class=\"elementor-widget-container\">\n\t\t\t\t\t\t\t\t\t<p>Todos os servi\u00e7os de corretagem s\u00e3o fornecidos pela CIB, permitindo que os corretores de introdu\u00e7\u00e3o se concentrem exclusivamente em seus neg\u00f3cios e renda.<\/p>\t\t\t\t\t\t\t\t<\/div>\n\t\t\t\t<\/div>\n\t\t\t\t<div class=\"elementor-element elementor-element-5e47f75 elementor-widget elementor-widget-spacer\" data-id=\"5e47f75\" data-element_type=\"widget\" data-widget_type=\"spacer.default\">\n\t\t\t\t<div class=\"elementor-widget-container\">\n\t\t\t\t\t\t\t<div class=\"elementor-spacer\">\n\t\t\t<div class=\"elementor-spacer-inner\"><\/div>\n\t\t<\/div>\n\t\t\t\t\t\t<\/div>\n\t\t\t\t<\/div>\n\t\t\t\t<div class=\"elementor-element elementor-element-acbb57f elementor-widget elementor-widget-heading\" data-id=\"acbb57f\" data-element_type=\"widget\" data-widget_type=\"heading.default\">\n\t\t\t\t<div class=\"elementor-widget-container\">\n\t\t\t\t\t<h6 class=\"elementor-heading-title elementor-size-default\"><a href=\"https:\/\/cibfx.dominiopruebas.com\/marca-blanca\/\">Marcas brancas<\/a><\/h6>\t\t\t\t<\/div>\n\t\t\t\t<\/div>\n\t\t\t\t<div class=\"elementor-element elementor-element-f2c808e elementor-widget elementor-widget-text-editor\" data-id=\"f2c808e\" data-element_type=\"widget\" data-widget_type=\"text-editor.default\">\n\t\t\t\t<div class=\"elementor-widget-container\">\n\t\t\t\t\t\t\t\t\t<p><strong>A parceria com a CIBfx atrav\u00e9s de um White Label foi projetada para permitir que institui\u00e7\u00f5es financeiras regulamentadas com licen\u00e7a para deter fundos de clientes possam expandir seus neg\u00f3cios com sua pr\u00f3pria marca e marca usando a estrutura da CIBfx.<br \/>Aprende m\u00e1s<\/strong><\/p>\t\t\t\t\t\t\t\t<\/div>\n\t\t\t\t<\/div>\n\t\t\t\t<div class=\"elementor-element elementor-element-b5e5adc elementor-mobile-align-center elementor-align-left elementor-widget elementor-widget-button\" data-id=\"b5e5adc\" data-element_type=\"widget\" data-widget_type=\"button.default\">\n\t\t\t\t<div class=\"elementor-widget-container\">\n\t\t\t\t\t\t\t\t\t<div class=\"elementor-button-wrapper\">\n\t\t\t\t\t<a class=\"elementor-button elementor-button-link elementor-size-sm\" href=\"#\">\n\t\t\t\t\t\t<span class=\"elementor-button-content-wrapper\">\n\t\t\t\t\t\t<span class=\"elementor-button-icon\">\n\t\t\t\t<i aria-hidden=\"true\" class=\"fas fa-info\"><\/i>\t\t\t<\/span>\n\t\t\t\t\t\t\t\t\t<span class=\"elementor-button-text\">solicitar mais informa\u00e7\u00e3o<\/span>\n\t\t\t\t\t<\/span>\n\t\t\t\t\t<\/a>\n\t\t\t\t<\/div>\n\t\t\t\t\t\t\t\t<\/div>\n\t\t\t\t<\/div>\n\t\t\t\t<div class=\"elementor-element elementor-element-62053c0 elementor-widget elementor-widget-spacer\" data-id=\"62053c0\" data-element_type=\"widget\" data-widget_type=\"spacer.default\">\n\t\t\t\t<div class=\"elementor-widget-container\">\n\t\t\t\t\t\t\t<div class=\"elementor-spacer\">\n\t\t\t<div class=\"elementor-spacer-inner\"><\/div>\n\t\t<\/div>\n\t\t\t\t\t\t<\/div>\n\t\t\t\t<\/div>\n\t\t\t\t\t<\/div>\n\t\t<\/div>\n\t\t\t\t<div class=\"elementor-column elementor-col-50 elementor-top-column elementor-element elementor-element-b83562c\" data-id=\"b83562c\" data-element_type=\"column\">\n\t\t\t<div class=\"elementor-widget-wrap elementor-element-populated\">\n\t\t\t\t\t\t<div class=\"elementor-element elementor-element-3d2e0f2 elementor-widget elementor-widget-spacer\" data-id=\"3d2e0f2\" data-element_type=\"widget\" data-widget_type=\"spacer.default\">\n\t\t\t\t<div class=\"elementor-widget-container\">\n\t\t\t\t\t\t\t<div class=\"elementor-spacer\">\n\t\t\t<div class=\"elementor-spacer-inner\"><\/div>\n\t\t<\/div>\n\t\t\t\t\t\t<\/div>\n\t\t\t\t<\/div>\n\t\t\t\t<div class=\"elementor-element elementor-element-a68857a elementor-widget elementor-widget-text-editor\" data-id=\"a68857a\" data-element_type=\"widget\" data-widget_type=\"text-editor.default\">\n\t\t\t\t<div class=\"elementor-widget-container\">\n\t\t\t\t\t\t\t\t\t<p style=\"text-align: right;\"><span style=\"color: #eb222a;\"><strong>PARCERIA COM<\/strong><\/span>\u00a0Capital Investments Brokers<\/p>\t\t\t\t\t\t\t\t<\/div>\n\t\t\t\t<\/div>\n\t\t\t\t<div class=\"elementor-element elementor-element-2efa2ed elementor-widget elementor-widget-text-editor\" data-id=\"2efa2ed\" data-element_type=\"widget\" data-widget_type=\"text-editor.default\">\n\t\t\t\t<div class=\"elementor-widget-container\">\n\t\t\t\t\t\t\t\t\t<p style=\"text-align: right;\">Expandir sua marca e expandir seus neg\u00f3cios com pacotes de parceria global da Capital Investment Brokers Ltd.<\/p>\t\t\t\t\t\t\t\t<\/div>\n\t\t\t\t<\/div>\n\t\t\t\t<div class=\"elementor-element elementor-element-309158d elementor-align-right elementor-widget elementor-widget-button\" data-id=\"309158d\" data-element_type=\"widget\" data-widget_type=\"button.default\">\n\t\t\t\t<div class=\"elementor-widget-container\">\n\t\t\t\t\t\t\t\t\t<div class=\"elementor-button-wrapper\">\n\t\t\t\t\t<a class=\"elementor-button elementor-button-link elementor-size-sm\" href=\"#\">\n\t\t\t\t\t\t<span class=\"elementor-button-content-wrapper\">\n\t\t\t\t\t\t\t\t\t<span class=\"elementor-button-text\">Registre-se agora!<\/span>\n\t\t\t\t\t<\/span>\n\t\t\t\t\t<\/a>\n\t\t\t\t<\/div>\n\t\t\t\t\t\t\t\t<\/div>\n\t\t\t\t<\/div>\n\t\t\t\t<div class=\"elementor-element elementor-element-73b39c9 elementor-widget elementor-widget-spacer\" data-id=\"73b39c9\" data-element_type=\"widget\" data-widget_type=\"spacer.default\">\n\t\t\t\t<div class=\"elementor-widget-container\">\n\t\t\t\t\t\t\t<div class=\"elementor-spacer\">\n\t\t\t<div class=\"elementor-spacer-inner\"><\/div>\n\t\t<\/div>\n\t\t\t\t\t\t<\/div>\n\t\t\t\t<\/div>\n\t\t\t\t\t<\/div>\n\t\t<\/div>\n\t\t\t\t\t<\/div>\n\t\t<\/section>\n\t\t\t\t<\/div>\n\t\t","protected":false},"excerpt":{"rendered":"<p>Apresenta\u00e7\u00e3o dos Corretores (IBs) Todos os servi\u00e7os de corretagem s\u00e3o fornecidos pela CIB, permitindo que os corretores de introdu\u00e7\u00e3o se concentrem exclusivamente em seus neg\u00f3cios e renda. Marcas brancas A parceria com a CIBfx atrav\u00e9s de um White Label foi projetada para permitir que institui\u00e7\u00f5es financeiras regulamentadas com licen\u00e7a para deter fundos de clientes possam [&hellip;]<\/p>\n","protected":false},"author":3,"featured_media":0,"parent":0,"menu_order":0,"comment_status":"closed","ping_status":"closed","template":"elementor_header_footer","meta":{"footnotes":""},"class_list":["post-19775","page","type-page","status-publish","hentry"],"yoast_head":"<!-- This site is optimized with the Yoast SEO plugin v23.4 - https:\/\/yoast.com\/wordpress\/plugins\/seo\/ -->\n<title>Parcerias - CIBFX<\/title>\n<meta name=\"robots\" content=\"index, follow, max-snippet:-1, max-image-preview:large, max-video-preview:-1\" \/>\n<link rel=\"canonical\" href=\"https:\/\/cibfx.com\/pt-br\/parcerias\/\" \/>\n<meta property=\"og:locale\" content=\"pt_BR\" \/>\n<meta property=\"og:type\" content=\"article\" \/>\n<meta property=\"og:title\" content=\"Parcerias - CIBFX\" \/>\n<meta property=\"og:description\" content=\"Apresenta\u00e7\u00e3o dos Corretores (IBs) Todos os servi\u00e7os de corretagem s\u00e3o fornecidos pela CIB, permitindo que os corretores de introdu\u00e7\u00e3o se concentrem exclusivamente em seus neg\u00f3cios e renda. Marcas brancas A parceria com a CIBfx atrav\u00e9s de um White Label foi projetada para permitir que institui\u00e7\u00f5es financeiras regulamentadas com licen\u00e7a para deter fundos de clientes possam [&hellip;]\" \/>\n<meta property=\"og:url\" content=\"https:\/\/cibfx.com\/pt-br\/parcerias\/\" \/>\n<meta property=\"og:site_name\" content=\"CIBFX\" \/>\n<meta property=\"article:modified_time\" content=\"2022-08-03T22:51:06+00:00\" \/>\n<meta name=\"twitter:card\" content=\"summary_large_image\" \/>\n<meta name=\"twitter:label1\" content=\"Est. tempo de leitura\" \/>\n\t<meta name=\"twitter:data1\" content=\"1 minuto\" \/>\n<script type=\"application\/ld+json\" class=\"yoast-schema-graph\">{\"@context\":\"https:\/\/schema.org\",\"@graph\":[{\"@type\":\"WebPage\",\"@id\":\"https:\/\/cibfx.com\/pt-br\/parcerias\/\",\"url\":\"https:\/\/cibfx.com\/pt-br\/parcerias\/\",\"name\":\"Parcerias - CIBFX\",\"isPartOf\":{\"@id\":\"https:\/\/cibfx.com\/#website\"},\"datePublished\":\"2022-04-18T20:33:16+00:00\",\"dateModified\":\"2022-08-03T22:51:06+00:00\",\"breadcrumb\":{\"@id\":\"https:\/\/cibfx.com\/pt-br\/parcerias\/#breadcrumb\"},\"inLanguage\":\"pt-BR\",\"potentialAction\":[{\"@type\":\"ReadAction\",\"target\":[\"https:\/\/cibfx.com\/pt-br\/parcerias\/\"]}]},{\"@type\":\"BreadcrumbList\",\"@id\":\"https:\/\/cibfx.com\/pt-br\/parcerias\/#breadcrumb\",\"itemListElement\":[{\"@type\":\"ListItem\",\"position\":1,\"name\":\"Portada\",\"item\":\"https:\/\/cibfx.com\/pt-br\/\"},{\"@type\":\"ListItem\",\"position\":2,\"name\":\"Parcerias\"}]},{\"@type\":\"WebSite\",\"@id\":\"https:\/\/cibfx.com\/#website\",\"url\":\"https:\/\/cibfx.com\/\",\"name\":\"CIBFX\",\"description\":\"Trading online seguro y confiable\",\"potentialAction\":[{\"@type\":\"SearchAction\",\"target\":{\"@type\":\"EntryPoint\",\"urlTemplate\":\"https:\/\/cibfx.com\/?s={search_term_string}\"},\"query-input\":{\"@type\":\"PropertyValueSpecification\",\"valueRequired\":true,\"valueName\":\"search_term_string\"}}],\"inLanguage\":\"pt-BR\"}]}<\/script>\n<!-- \/ Yoast SEO plugin. -->","yoast_head_json":{"title":"Parcerias - CIBFX","robots":{"index":"index","follow":"follow","max-snippet":"max-snippet:-1","max-image-preview":"max-image-preview:large","max-video-preview":"max-video-preview:-1"},"canonical":"https:\/\/cibfx.com\/pt-br\/parcerias\/","og_locale":"pt_BR","og_type":"article","og_title":"Parcerias - CIBFX","og_description":"Apresenta\u00e7\u00e3o dos Corretores (IBs) Todos os servi\u00e7os de corretagem s\u00e3o fornecidos pela CIB, permitindo que os corretores de introdu\u00e7\u00e3o se concentrem exclusivamente em seus neg\u00f3cios e renda. Marcas brancas A parceria com a CIBfx atrav\u00e9s de um White Label foi projetada para permitir que institui\u00e7\u00f5es financeiras regulamentadas com licen\u00e7a para deter fundos de clientes possam [&hellip;]","og_url":"https:\/\/cibfx.com\/pt-br\/parcerias\/","og_site_name":"CIBFX","article_modified_time":"2022-08-03T22:51:06+00:00","twitter_card":"summary_large_image","twitter_misc":{"Est. tempo de leitura":"1 minuto"},"schema":{"@context":"https:\/\/schema.org","@graph":[{"@type":"WebPage","@id":"https:\/\/cibfx.com\/pt-br\/parcerias\/","url":"https:\/\/cibfx.com\/pt-br\/parcerias\/","name":"Parcerias - CIBFX","isPartOf":{"@id":"https:\/\/cibfx.com\/#website"},"datePublished":"2022-04-18T20:33:16+00:00","dateModified":"2022-08-03T22:51:06+00:00","breadcrumb":{"@id":"https:\/\/cibfx.com\/pt-br\/parcerias\/#breadcrumb"},"inLanguage":"pt-BR","potentialAction":[{"@type":"ReadAction","target":["https:\/\/cibfx.com\/pt-br\/parcerias\/"]}]},{"@type":"BreadcrumbList","@id":"https:\/\/cibfx.com\/pt-br\/parcerias\/#breadcrumb","itemListElement":[{"@type":"ListItem","position":1,"name":"Portada","item":"https:\/\/cibfx.com\/pt-br\/"},{"@type":"ListItem","position":2,"name":"Parcerias"}]},{"@type":"WebSite","@id":"https:\/\/cibfx.com\/#website","url":"https:\/\/cibfx.com\/","name":"CIBFX","description":"Trading online seguro y confiable","potentialAction":[{"@type":"SearchAction","target":{"@type":"EntryPoint","urlTemplate":"https:\/\/cibfx.com\/?s={search_term_string}"},"query-input":{"@type":"PropertyValueSpecification","valueRequired":true,"valueName":"search_term_string"}}],"inLanguage":"pt-BR"}]}},"_links":{"self":[{"href":"https:\/\/cibfx.com\/pt-br\/wp-json\/wp\/v2\/pages\/19775","targetHints":{"allow":["GET"]}}],"collection":[{"href":"https:\/\/cibfx.com\/pt-br\/wp-json\/wp\/v2\/pages"}],"about":[{"href":"https:\/\/cibfx.com\/pt-br\/wp-json\/wp\/v2\/types\/page"}],"author":[{"embeddable":true,"href":"https:\/\/cibfx.com\/pt-br\/wp-json\/wp\/v2\/users\/3"}],"replies":[{"embeddable":true,"href":"https:\/\/cibfx.com\/pt-br\/wp-json\/wp\/v2\/comments?post=19775"}],"version-history":[{"count":0,"href":"https:\/\/cibfx.com\/pt-br\/wp-json\/wp\/v2\/pages\/19775\/revisions"}],"wp:attachment":[{"href":"https:\/\/cibfx.com\/pt-br\/wp-json\/wp\/v2\/media?parent=19775"}],"curies":[{"name":"wp","href":"https:\/\/api.w.org\/{rel}","templated":true}]}}