{"id":19756,"date":"2022-04-18T20:10:01","date_gmt":"2022-04-18T20:10:01","guid":{"rendered":"https:\/\/test.cibfx.com\/marca-blanca\/"},"modified":"2022-08-04T15:58:34","modified_gmt":"2022-08-04T15:58:34","slug":"marca-propria","status":"publish","type":"page","link":"https:\/\/cibfx.com\/pt-br\/marca-propria\/","title":{"rendered":"Marca pr\u00f3pria"},"content":{"rendered":"\t\t<div data-elementor-type=\"wp-page\" data-elementor-id=\"19756\" class=\"elementor elementor-19756 elementor-493\">\n\t\t\t\t\t\t<section class=\"elementor-section elementor-top-section elementor-element elementor-element-37f2d06 elementor-section-boxed elementor-section-height-default elementor-section-height-default\" data-id=\"37f2d06\" data-element_type=\"section\">\n\t\t\t\t\t\t<div class=\"elementor-container elementor-column-gap-default\">\n\t\t\t\t\t<div class=\"elementor-column elementor-col-100 elementor-top-column elementor-element elementor-element-77ad431\" data-id=\"77ad431\" data-element_type=\"column\">\n\t\t\t<div class=\"elementor-widget-wrap elementor-element-populated\">\n\t\t\t\t\t\t<div class=\"elementor-element elementor-element-b882317 elementor-widget elementor-widget-heading\" data-id=\"b882317\" data-element_type=\"widget\" data-widget_type=\"heading.default\">\n\t\t\t\t<div class=\"elementor-widget-container\">\n\t\t\t\t\t<h2 class=\"elementor-heading-title elementor-size-default\">WHITE LABEL PARCERIAS<\/h2>\t\t\t\t<\/div>\n\t\t\t\t<\/div>\n\t\t\t\t<div class=\"elementor-element elementor-element-7961ec1 elementor-widget elementor-widget-spacer\" data-id=\"7961ec1\" data-element_type=\"widget\" data-widget_type=\"spacer.default\">\n\t\t\t\t<div class=\"elementor-widget-container\">\n\t\t\t\t\t\t\t<div class=\"elementor-spacer\">\n\t\t\t<div class=\"elementor-spacer-inner\"><\/div>\n\t\t<\/div>\n\t\t\t\t\t\t<\/div>\n\t\t\t\t<\/div>\n\t\t\t\t<div class=\"elementor-element elementor-element-031dd51 elementor-widget elementor-widget-spacer\" data-id=\"031dd51\" data-element_type=\"widget\" data-widget_type=\"spacer.default\">\n\t\t\t\t<div class=\"elementor-widget-container\">\n\t\t\t\t\t\t\t<div class=\"elementor-spacer\">\n\t\t\t<div class=\"elementor-spacer-inner\"><\/div>\n\t\t<\/div>\n\t\t\t\t\t\t<\/div>\n\t\t\t\t<\/div>\n\t\t\t\t<div class=\"elementor-element elementor-element-769c7b0 elementor-widget elementor-widget-heading\" data-id=\"769c7b0\" data-element_type=\"widget\" data-widget_type=\"heading.default\">\n\t\t\t\t<div class=\"elementor-widget-container\">\n\t\t\t\t\t<h6 class=\"elementor-heading-title elementor-size-default\">Cultive sua marca e expanda seus neg\u00f3cios <\/h6>\t\t\t\t<\/div>\n\t\t\t\t<\/div>\n\t\t\t\t<div class=\"elementor-element elementor-element-039cadf elementor-widget elementor-widget-spacer\" data-id=\"039cadf\" data-element_type=\"widget\" data-widget_type=\"spacer.default\">\n\t\t\t\t<div class=\"elementor-widget-container\">\n\t\t\t\t\t\t\t<div class=\"elementor-spacer\">\n\t\t\t<div class=\"elementor-spacer-inner\"><\/div>\n\t\t<\/div>\n\t\t\t\t\t\t<\/div>\n\t\t\t\t<\/div>\n\t\t\t\t<div class=\"elementor-element elementor-element-11a7049 elementor-widget elementor-widget-text-editor\" data-id=\"11a7049\" data-element_type=\"widget\" data-widget_type=\"text-editor.default\">\n\t\t\t\t<div class=\"elementor-widget-container\">\n\t\t\t\t\t\t\t\t\t<p>A White Label Partnership da <strong>CIBfx<\/strong> foi projetada para permitir que institui\u00e7\u00f5es financeiras regulamentadas com licen\u00e7a para deter fundos de clientes possam expandir seus neg\u00f3cios, fornecendo-lhes uma solu\u00e7\u00e3o online completa. A parceria com a CIB permitir\u00e1 que voc\u00ea se beneficie de nossa tecnologia, liquidez e recursos para se concentrar em suas atividades principais, tais como desenvolver rela\u00e7\u00f5es comerciais com clientes existentes e extrair maiores retornos. A <strong>CIBfx<\/strong> lhe fornece a plataforma, acesso ao mercado, conhecimento do produto e opera\u00e7\u00f5es internas, garantindo que voc\u00ea n\u00e3o apenas maximizar\u00e1 seus lucros, mas tamb\u00e9m melhorar\u00e1 sua reputa\u00e7\u00e3o pelas excelentes e abrangentes solu\u00e7\u00f5es que oferecemos.<\/p>\t\t\t\t\t\t\t\t<\/div>\n\t\t\t\t<\/div>\n\t\t\t\t\t<\/div>\n\t\t<\/div>\n\t\t\t\t\t<\/div>\n\t\t<\/section>\n\t\t\t\t<section class=\"elementor-section elementor-top-section elementor-element elementor-element-b2c7fb3 elementor-section-boxed elementor-section-height-default elementor-section-height-default\" data-id=\"b2c7fb3\" data-element_type=\"section\">\n\t\t\t\t\t\t<div class=\"elementor-container elementor-column-gap-default\">\n\t\t\t\t\t<div class=\"elementor-column elementor-col-50 elementor-top-column elementor-element elementor-element-a3f2e36\" data-id=\"a3f2e36\" data-element_type=\"column\">\n\t\t\t<div class=\"elementor-widget-wrap elementor-element-populated\">\n\t\t\t\t\t\t<div class=\"elementor-element elementor-element-bf7f317 elementor-widget elementor-widget-heading\" data-id=\"bf7f317\" data-element_type=\"widget\" data-widget_type=\"heading.default\">\n\t\t\t\t<div class=\"elementor-widget-container\">\n\t\t\t\t\t<h6 class=\"elementor-heading-title elementor-size-default\">\nA solu\u00e7\u00e3o CIB White Label inclui:<\/h6>\t\t\t\t<\/div>\n\t\t\t\t<\/div>\n\t\t\t\t<div class=\"elementor-element elementor-element-9ca4573 elementor-widget elementor-widget-text-editor\" data-id=\"9ca4573\" data-element_type=\"widget\" data-widget_type=\"text-editor.default\">\n\t\t\t\t<div class=\"elementor-widget-container\">\n\t\t\t\t\t\t\t\t\t<ul><li>Estrutura de comiss\u00f5es competitiva, ativa e personalizada<\/li><li>Acesso e controle total sobre o administrador do Terminal MT4<br \/>MT4 MultiTerminal para gest\u00e3o de m\u00faltiplas contas<\/li><li>Baixo custo inicial<\/li><li>Utiliza\u00e7\u00e3o plena dos servi\u00e7os e produtos CIB Suporte desenvolvimento de TI<\/li><li>Solu\u00e7\u00e3o completa de BackOffice<\/li><li>Servi\u00e7os de contabilidade e conformidade<\/li><li>Gerente de contas Pessoal dedicado<\/li><li>Apoio \u00e0 tesouraria 24\/5<\/li><\/ul>\t\t\t\t\t\t\t\t<\/div>\n\t\t\t\t<\/div>\n\t\t\t\t\t<\/div>\n\t\t<\/div>\n\t\t\t\t<div class=\"elementor-column elementor-col-50 elementor-top-column elementor-element elementor-element-a7f4c96\" data-id=\"a7f4c96\" data-element_type=\"column\">\n\t\t\t<div class=\"elementor-widget-wrap elementor-element-populated\">\n\t\t\t\t\t\t<div class=\"elementor-element elementor-element-0244eee elementor-widget elementor-widget-spacer\" data-id=\"0244eee\" data-element_type=\"widget\" data-widget_type=\"spacer.default\">\n\t\t\t\t<div class=\"elementor-widget-container\">\n\t\t\t\t\t\t\t<div class=\"elementor-spacer\">\n\t\t\t<div class=\"elementor-spacer-inner\"><\/div>\n\t\t<\/div>\n\t\t\t\t\t\t<\/div>\n\t\t\t\t<\/div>\n\t\t\t\t<div class=\"elementor-element elementor-element-309158d elementor-align-center elementor-mobile-align-center elementor-widget elementor-widget-button\" data-id=\"309158d\" data-element_type=\"widget\" data-widget_type=\"button.default\">\n\t\t\t\t<div class=\"elementor-widget-container\">\n\t\t\t\t\t\t\t\t\t<div class=\"elementor-button-wrapper\">\n\t\t\t\t\t<a class=\"elementor-button elementor-button-link elementor-size-sm\" href=\"https:\/\/test.cibfx.com\/pt-br\/contate-nos-em\/\">\n\t\t\t\t\t\t<span class=\"elementor-button-content-wrapper\">\n\t\t\t\t\t\t\t\t\t<span class=\"elementor-button-text\">Registre-se agora!<\/span>\n\t\t\t\t\t<\/span>\n\t\t\t\t\t<\/a>\n\t\t\t\t<\/div>\n\t\t\t\t\t\t\t\t<\/div>\n\t\t\t\t<\/div>\n\t\t\t\t\t<\/div>\n\t\t<\/div>\n\t\t\t\t\t<\/div>\n\t\t<\/section>\n\t\t\t\t<\/div>\n\t\t","protected":false},"excerpt":{"rendered":"<p>WHITE LABEL PARCERIAS Cultive sua marca e expanda seus neg\u00f3cios A White Label Partnership da CIBfx foi projetada para permitir que institui\u00e7\u00f5es financeiras regulamentadas com licen\u00e7a para deter fundos de clientes possam expandir seus neg\u00f3cios, fornecendo-lhes uma solu\u00e7\u00e3o online completa. A parceria com a CIB permitir\u00e1 que voc\u00ea se beneficie de nossa tecnologia, liquidez e [&hellip;]<\/p>\n","protected":false},"author":3,"featured_media":0,"parent":0,"menu_order":0,"comment_status":"closed","ping_status":"closed","template":"elementor_header_footer","meta":{"footnotes":""},"class_list":["post-19756","page","type-page","status-publish","hentry"],"yoast_head":"<!-- This site is optimized with the Yoast SEO plugin v23.4 - https:\/\/yoast.com\/wordpress\/plugins\/seo\/ -->\n<title>Marca pr\u00f3pria - CIBFX<\/title>\n<meta name=\"robots\" content=\"index, follow, max-snippet:-1, max-image-preview:large, max-video-preview:-1\" \/>\n<link rel=\"canonical\" href=\"https:\/\/cibfx.com\/pt-br\/marca-propria\/\" \/>\n<meta property=\"og:locale\" content=\"pt_BR\" \/>\n<meta property=\"og:type\" content=\"article\" \/>\n<meta property=\"og:title\" content=\"Marca pr\u00f3pria - CIBFX\" \/>\n<meta property=\"og:description\" content=\"WHITE LABEL PARCERIAS Cultive sua marca e expanda seus neg\u00f3cios A White Label Partnership da CIBfx foi projetada para permitir que institui\u00e7\u00f5es financeiras regulamentadas com licen\u00e7a para deter fundos de clientes possam expandir seus neg\u00f3cios, fornecendo-lhes uma solu\u00e7\u00e3o online completa. A parceria com a CIB permitir\u00e1 que voc\u00ea se beneficie de nossa tecnologia, liquidez e [&hellip;]\" \/>\n<meta property=\"og:url\" content=\"https:\/\/cibfx.com\/pt-br\/marca-propria\/\" \/>\n<meta property=\"og:site_name\" content=\"CIBFX\" \/>\n<meta property=\"article:modified_time\" content=\"2022-08-04T15:58:34+00:00\" \/>\n<meta name=\"twitter:card\" content=\"summary_large_image\" \/>\n<meta name=\"twitter:label1\" content=\"Est. tempo de leitura\" \/>\n\t<meta name=\"twitter:data1\" content=\"1 minuto\" \/>\n<script type=\"application\/ld+json\" class=\"yoast-schema-graph\">{\"@context\":\"https:\/\/schema.org\",\"@graph\":[{\"@type\":\"WebPage\",\"@id\":\"https:\/\/cibfx.com\/pt-br\/marca-propria\/\",\"url\":\"https:\/\/cibfx.com\/pt-br\/marca-propria\/\",\"name\":\"Marca pr\u00f3pria - CIBFX\",\"isPartOf\":{\"@id\":\"https:\/\/cibfx.com\/#website\"},\"datePublished\":\"2022-04-18T20:10:01+00:00\",\"dateModified\":\"2022-08-04T15:58:34+00:00\",\"breadcrumb\":{\"@id\":\"https:\/\/cibfx.com\/pt-br\/marca-propria\/#breadcrumb\"},\"inLanguage\":\"pt-BR\",\"potentialAction\":[{\"@type\":\"ReadAction\",\"target\":[\"https:\/\/cibfx.com\/pt-br\/marca-propria\/\"]}]},{\"@type\":\"BreadcrumbList\",\"@id\":\"https:\/\/cibfx.com\/pt-br\/marca-propria\/#breadcrumb\",\"itemListElement\":[{\"@type\":\"ListItem\",\"position\":1,\"name\":\"Portada\",\"item\":\"https:\/\/cibfx.com\/pt-br\/\"},{\"@type\":\"ListItem\",\"position\":2,\"name\":\"Marca pr\u00f3pria\"}]},{\"@type\":\"WebSite\",\"@id\":\"https:\/\/cibfx.com\/#website\",\"url\":\"https:\/\/cibfx.com\/\",\"name\":\"CIBFX\",\"description\":\"Trading online seguro y confiable\",\"potentialAction\":[{\"@type\":\"SearchAction\",\"target\":{\"@type\":\"EntryPoint\",\"urlTemplate\":\"https:\/\/cibfx.com\/?s={search_term_string}\"},\"query-input\":{\"@type\":\"PropertyValueSpecification\",\"valueRequired\":true,\"valueName\":\"search_term_string\"}}],\"inLanguage\":\"pt-BR\"}]}<\/script>\n<!-- \/ Yoast SEO plugin. -->","yoast_head_json":{"title":"Marca pr\u00f3pria - CIBFX","robots":{"index":"index","follow":"follow","max-snippet":"max-snippet:-1","max-image-preview":"max-image-preview:large","max-video-preview":"max-video-preview:-1"},"canonical":"https:\/\/cibfx.com\/pt-br\/marca-propria\/","og_locale":"pt_BR","og_type":"article","og_title":"Marca pr\u00f3pria - CIBFX","og_description":"WHITE LABEL PARCERIAS Cultive sua marca e expanda seus neg\u00f3cios A White Label Partnership da CIBfx foi projetada para permitir que institui\u00e7\u00f5es financeiras regulamentadas com licen\u00e7a para deter fundos de clientes possam expandir seus neg\u00f3cios, fornecendo-lhes uma solu\u00e7\u00e3o online completa. A parceria com a CIB permitir\u00e1 que voc\u00ea se beneficie de nossa tecnologia, liquidez e [&hellip;]","og_url":"https:\/\/cibfx.com\/pt-br\/marca-propria\/","og_site_name":"CIBFX","article_modified_time":"2022-08-04T15:58:34+00:00","twitter_card":"summary_large_image","twitter_misc":{"Est. tempo de leitura":"1 minuto"},"schema":{"@context":"https:\/\/schema.org","@graph":[{"@type":"WebPage","@id":"https:\/\/cibfx.com\/pt-br\/marca-propria\/","url":"https:\/\/cibfx.com\/pt-br\/marca-propria\/","name":"Marca pr\u00f3pria - CIBFX","isPartOf":{"@id":"https:\/\/cibfx.com\/#website"},"datePublished":"2022-04-18T20:10:01+00:00","dateModified":"2022-08-04T15:58:34+00:00","breadcrumb":{"@id":"https:\/\/cibfx.com\/pt-br\/marca-propria\/#breadcrumb"},"inLanguage":"pt-BR","potentialAction":[{"@type":"ReadAction","target":["https:\/\/cibfx.com\/pt-br\/marca-propria\/"]}]},{"@type":"BreadcrumbList","@id":"https:\/\/cibfx.com\/pt-br\/marca-propria\/#breadcrumb","itemListElement":[{"@type":"ListItem","position":1,"name":"Portada","item":"https:\/\/cibfx.com\/pt-br\/"},{"@type":"ListItem","position":2,"name":"Marca pr\u00f3pria"}]},{"@type":"WebSite","@id":"https:\/\/cibfx.com\/#website","url":"https:\/\/cibfx.com\/","name":"CIBFX","description":"Trading online seguro y confiable","potentialAction":[{"@type":"SearchAction","target":{"@type":"EntryPoint","urlTemplate":"https:\/\/cibfx.com\/?s={search_term_string}"},"query-input":{"@type":"PropertyValueSpecification","valueRequired":true,"valueName":"search_term_string"}}],"inLanguage":"pt-BR"}]}},"_links":{"self":[{"href":"https:\/\/cibfx.com\/pt-br\/wp-json\/wp\/v2\/pages\/19756","targetHints":{"allow":["GET"]}}],"collection":[{"href":"https:\/\/cibfx.com\/pt-br\/wp-json\/wp\/v2\/pages"}],"about":[{"href":"https:\/\/cibfx.com\/pt-br\/wp-json\/wp\/v2\/types\/page"}],"author":[{"embeddable":true,"href":"https:\/\/cibfx.com\/pt-br\/wp-json\/wp\/v2\/users\/3"}],"replies":[{"embeddable":true,"href":"https:\/\/cibfx.com\/pt-br\/wp-json\/wp\/v2\/comments?post=19756"}],"version-history":[{"count":0,"href":"https:\/\/cibfx.com\/pt-br\/wp-json\/wp\/v2\/pages\/19756\/revisions"}],"wp:attachment":[{"href":"https:\/\/cibfx.com\/pt-br\/wp-json\/wp\/v2\/media?parent=19756"}],"curies":[{"name":"wp","href":"https:\/\/api.w.org\/{rel}","templated":true}]}}