{"id":19731,"date":"2022-06-03T18:26:00","date_gmt":"2022-06-03T18:26:00","guid":{"rendered":"https:\/\/test.cibfx.com\/contactenos\/"},"modified":"2023-09-06T22:20:01","modified_gmt":"2023-09-06T22:20:01","slug":"contate-nos-em","status":"publish","type":"page","link":"https:\/\/cibfx.com\/pt-br\/contate-nos-em\/","title":{"rendered":"Contate-nos em"},"content":{"rendered":"\t\t<div data-elementor-type=\"wp-page\" data-elementor-id=\"19731\" class=\"elementor elementor-19731 elementor-1271\">\n\t\t\t\t\t\t<section class=\"elementor-section elementor-top-section elementor-element elementor-element-599a80f elementor-section-height-min-height elementor-section-boxed elementor-section-height-default elementor-section-items-middle\" data-id=\"599a80f\" data-element_type=\"section\" data-settings=\"{&quot;background_background&quot;:&quot;classic&quot;}\">\n\t\t\t\t\t\t<div class=\"elementor-container elementor-column-gap-default\">\n\t\t\t\t\t<div class=\"elementor-column elementor-col-100 elementor-top-column elementor-element elementor-element-71a1c41\" data-id=\"71a1c41\" data-element_type=\"column\">\n\t\t\t<div class=\"elementor-widget-wrap elementor-element-populated\">\n\t\t\t\t\t\t<div class=\"elementor-element elementor-element-c5a6f98 elementor-widget elementor-widget-spacer\" data-id=\"c5a6f98\" data-element_type=\"widget\" data-widget_type=\"spacer.default\">\n\t\t\t\t<div class=\"elementor-widget-container\">\n\t\t\t\t\t\t\t<div class=\"elementor-spacer\">\n\t\t\t<div class=\"elementor-spacer-inner\"><\/div>\n\t\t<\/div>\n\t\t\t\t\t\t<\/div>\n\t\t\t\t<\/div>\n\t\t\t\t<div class=\"elementor-element elementor-element-4e367af elementor-widget elementor-widget-spacer\" data-id=\"4e367af\" data-element_type=\"widget\" data-widget_type=\"spacer.default\">\n\t\t\t\t<div class=\"elementor-widget-container\">\n\t\t\t\t\t\t\t<div class=\"elementor-spacer\">\n\t\t\t<div class=\"elementor-spacer-inner\"><\/div>\n\t\t<\/div>\n\t\t\t\t\t\t<\/div>\n\t\t\t\t<\/div>\n\t\t\t\t<div class=\"elementor-element elementor-element-632a646 elementor-widget elementor-widget-text-editor\" data-id=\"632a646\" data-element_type=\"widget\" data-widget_type=\"text-editor.default\">\n\t\t\t\t<div class=\"elementor-widget-container\">\n\t\t\t\t\t\t\t\t\t<p style=\"text-align: center;\"><strong>Para qualquer d\u00favida ou suporte, por favor, entre em contato conosco usando o formul\u00e1rio abaixo. Faremos o nosso melhor para voltar para voc\u00ea o mais r\u00e1pido poss\u00edvel.\u00a0 \u00a0<\/strong><\/p>\t\t\t\t\t\t\t\t<\/div>\n\t\t\t\t<\/div>\n\t\t\t\t<section class=\"elementor-section elementor-inner-section elementor-element elementor-element-b456564 elementor-section-boxed elementor-section-height-default elementor-section-height-default\" data-id=\"b456564\" data-element_type=\"section\">\n\t\t\t\t\t\t<div class=\"elementor-container elementor-column-gap-default\">\n\t\t\t\t\t<div class=\"elementor-column elementor-col-50 elementor-inner-column elementor-element elementor-element-7dd37e4\" data-id=\"7dd37e4\" data-element_type=\"column\">\n\t\t\t<div class=\"elementor-widget-wrap elementor-element-populated\">\n\t\t\t\t\t\t<div class=\"elementor-element elementor-element-6e2f930 elementor-widget elementor-widget-heading\" data-id=\"6e2f930\" data-element_type=\"widget\" data-widget_type=\"heading.default\">\n\t\t\t\t<div class=\"elementor-widget-container\">\n\t\t\t\t\t<h3 class=\"elementor-heading-title elementor-size-default\">Tel\u00e9fono<\/h3>\t\t\t\t<\/div>\n\t\t\t\t<\/div>\n\t\t\t\t<div class=\"elementor-element elementor-element-515dfaa elementor-widget elementor-widget-text-editor\" data-id=\"515dfaa\" data-element_type=\"widget\" data-widget_type=\"text-editor.default\">\n\t\t\t\t<div class=\"elementor-widget-container\">\n\t\t\t\t\t\t\t\t\t<p style=\"text-align: center;\"><b>\ud83c\uddfb\ud83c\udde8 +<\/b>17864041105<\/p>\t\t\t\t\t\t\t\t<\/div>\n\t\t\t\t<\/div>\n\t\t\t\t<div class=\"elementor-element elementor-element-f954638 elementor-widget elementor-widget-heading\" data-id=\"f954638\" data-element_type=\"widget\" data-widget_type=\"heading.default\">\n\t\t\t\t<div class=\"elementor-widget-container\">\n\t\t\t\t\t<h3 class=\"elementor-heading-title elementor-size-default\">Soporte<\/h3>\t\t\t\t<\/div>\n\t\t\t\t<\/div>\n\t\t\t\t<div class=\"elementor-element elementor-element-1907cd6 elementor-widget elementor-widget-text-editor\" data-id=\"1907cd6\" data-element_type=\"widget\" data-widget_type=\"text-editor.default\">\n\t\t\t\t<div class=\"elementor-widget-container\">\n\t\t\t\t\t\t\t\t\t<p style=\"text-align: center;\">support@cibfx.com<\/p>\t\t\t\t\t\t\t\t<\/div>\n\t\t\t\t<\/div>\n\t\t\t\t\t<\/div>\n\t\t<\/div>\n\t\t\t\t<div class=\"elementor-column elementor-col-50 elementor-inner-column elementor-element elementor-element-9458c2e\" data-id=\"9458c2e\" data-element_type=\"column\">\n\t\t\t<div class=\"elementor-widget-wrap elementor-element-populated\">\n\t\t\t\t\t\t<div class=\"elementor-element elementor-element-19604d2 eael-contact-form-7-button-align-left eael-contact-form-7-button-custom elementor-widget elementor-widget-eael-contact-form-7\" data-id=\"19604d2\" data-element_type=\"widget\" data-widget_type=\"eael-contact-form-7.default\">\n\t\t\t\t<div class=\"elementor-widget-container\">\n\t\t\t\t\t<div class=\"eael-contact-form-7-wrapper\">\n                <div class=\"eael-contact-form eael-contact-form-7 eael-contact-form-19604d2 placeholder-show eael-contact-form-align-center\">\n<div class=\"wpcf7 no-js\" id=\"wpcf7-f19744-o1\" lang=\"es-ES\" dir=\"ltr\">\n<div class=\"screen-reader-response\"><p role=\"status\" aria-live=\"polite\" aria-atomic=\"true\"><\/p> <ul><\/ul><\/div>\n<form action=\"\/pt-br\/wp-json\/wp\/v2\/pages\/19731#wpcf7-f19744-o1\" method=\"post\" class=\"wpcf7-form init\" aria-label=\"Formulario de contacto\" novalidate=\"novalidate\" data-status=\"init\">\n<div style=\"display: none;\">\n<input type=\"hidden\" name=\"_wpcf7\" value=\"19744\" \/>\n<input type=\"hidden\" name=\"_wpcf7_version\" value=\"5.9.8\" \/>\n<input type=\"hidden\" name=\"_wpcf7_locale\" value=\"es_ES\" \/>\n<input type=\"hidden\" name=\"_wpcf7_unit_tag\" value=\"wpcf7-f19744-o1\" \/>\n<input type=\"hidden\" name=\"_wpcf7_container_post\" value=\"0\" \/>\n<input type=\"hidden\" name=\"_wpcf7_posted_data_hash\" value=\"\" \/>\n<input type=\"hidden\" name=\"_wpcf7_recaptcha_response\" value=\"\" \/>\n<\/div>\n<p><label> Seu nome<br \/>\n<span class=\"wpcf7-form-control-wrap\" data-name=\"your-name\"><input size=\"40\" maxlength=\"400\" class=\"wpcf7-form-control wpcf7-text wpcf7-validates-as-required\" aria-required=\"true\" aria-invalid=\"false\" value=\"\" type=\"text\" name=\"your-name\" \/><\/span> <\/label>\n<\/p>\n<p><label> e-mail<br \/>\n<span class=\"wpcf7-form-control-wrap\" data-name=\"your-email\"><input size=\"40\" maxlength=\"400\" class=\"wpcf7-form-control wpcf7-email wpcf7-validates-as-required wpcf7-text wpcf7-validates-as-email\" aria-required=\"true\" aria-invalid=\"false\" value=\"\" type=\"email\" name=\"your-email\" \/><\/span> <\/label>\n<\/p>\n<p><label> Como podemos ajud\u00e1-los?<br \/>\n<span class=\"wpcf7-form-control-wrap\" data-name=\"your-message\"><textarea cols=\"40\" rows=\"10\" maxlength=\"2000\" class=\"wpcf7-form-control wpcf7-textarea wpcf7-validates-as-required\" aria-required=\"true\" aria-invalid=\"false\" name=\"your-message\"><\/textarea><\/span> <\/label>\n<\/p>\n<p><input class=\"wpcf7-form-control wpcf7-submit has-spinner\" type=\"submit\" value=\"Mandar\" \/>\n<\/p><div class=\"wpcf7-response-output\" aria-hidden=\"true\"><\/div>\n<\/form>\n<\/div>\n<\/div>\n            <\/div>\t\t\t\t<\/div>\n\t\t\t\t<\/div>\n\t\t\t\t\t<\/div>\n\t\t<\/div>\n\t\t\t\t\t<\/div>\n\t\t<\/section>\n\t\t\t\t<div class=\"elementor-element elementor-element-119a798 elementor-shape-circle e-grid-align-mobile-center elementor-grid-0 e-grid-align-center elementor-widget elementor-widget-social-icons\" data-id=\"119a798\" data-element_type=\"widget\" data-widget_type=\"social-icons.default\">\n\t\t\t\t<div class=\"elementor-widget-container\">\n\t\t\t\t\t\t\t<div class=\"elementor-social-icons-wrapper elementor-grid\">\n\t\t\t\t\t\t\t<span class=\"elementor-grid-item\">\n\t\t\t\t\t<a class=\"elementor-icon elementor-social-icon elementor-social-icon-facebook elementor-repeater-item-22b0398\" href=\"https:\/\/www.facebook.com\/CIBfx-Espa%C3%B1ol-498432000500962\/\" target=\"_blank\">\n\t\t\t\t\t\t<span class=\"elementor-screen-only\">Facebook<\/span>\n\t\t\t\t\t\t<i class=\"fab fa-facebook\"><\/i>\t\t\t\t\t<\/a>\n\t\t\t\t<\/span>\n\t\t\t\t\t\t\t<span class=\"elementor-grid-item\">\n\t\t\t\t\t<a class=\"elementor-icon elementor-social-icon elementor-social-icon-instagram elementor-repeater-item-e9b7f41\" href=\"https:\/\/www.instagram.com\/cib_fx\/\" target=\"_blank\">\n\t\t\t\t\t\t<span class=\"elementor-screen-only\">Instagram<\/span>\n\t\t\t\t\t\t<i class=\"fab fa-instagram\"><\/i>\t\t\t\t\t<\/a>\n\t\t\t\t<\/span>\n\t\t\t\t\t\t\t<span class=\"elementor-grid-item\">\n\t\t\t\t\t<a class=\"elementor-icon elementor-social-icon elementor-social-icon-twitter elementor-repeater-item-c4449be\" href=\"https:\/\/twitter.com\/CIBforex\" target=\"_blank\">\n\t\t\t\t\t\t<span class=\"elementor-screen-only\">Twitter<\/span>\n\t\t\t\t\t\t<i class=\"fab fa-twitter\"><\/i>\t\t\t\t\t<\/a>\n\t\t\t\t<\/span>\n\t\t\t\t\t<\/div>\n\t\t\t\t\t\t<\/div>\n\t\t\t\t<\/div>\n\t\t\t\t\t<\/div>\n\t\t<\/div>\n\t\t\t\t\t<\/div>\n\t\t<\/section>\n\t\t\t\t<\/div>\n\t\t","protected":false},"excerpt":{"rendered":"<p>Para qualquer d\u00favida ou suporte, por favor, entre em contato conosco usando o formul\u00e1rio abaixo. Faremos o nosso melhor para voltar para voc\u00ea o mais r\u00e1pido poss\u00edvel.\u00a0 \u00a0 Tel\u00e9fono \ud83c\uddfb\ud83c\udde8 +17864041105 Soporte support@cibfx.com Seu nome e-mail Como podemos ajud\u00e1-los? Facebook Instagram Twitter<\/p>\n","protected":false},"author":3,"featured_media":0,"parent":0,"menu_order":0,"comment_status":"closed","ping_status":"closed","template":"elementor_header_footer","meta":{"footnotes":""},"class_list":["post-19731","page","type-page","status-publish","hentry"],"yoast_head":"<!-- This site is optimized with the Yoast SEO plugin v23.4 - https:\/\/yoast.com\/wordpress\/plugins\/seo\/ -->\n<title>Contate-nos em - CIBFX<\/title>\n<meta name=\"robots\" content=\"index, follow, max-snippet:-1, max-image-preview:large, max-video-preview:-1\" \/>\n<link rel=\"canonical\" href=\"https:\/\/cibfx.com\/pt-br\/contate-nos-em\/\" \/>\n<meta property=\"og:locale\" content=\"pt_BR\" \/>\n<meta property=\"og:type\" content=\"article\" \/>\n<meta property=\"og:title\" content=\"Contate-nos em - CIBFX\" \/>\n<meta property=\"og:description\" content=\"Para qualquer d\u00favida ou suporte, por favor, entre em contato conosco usando o formul\u00e1rio abaixo. Faremos o nosso melhor para voltar para voc\u00ea o mais r\u00e1pido poss\u00edvel.\u00a0 \u00a0 Tel\u00e9fono \ud83c\uddfb\ud83c\udde8 +17864041105 Soporte support@cibfx.com Seu nome e-mail Como podemos ajud\u00e1-los? Facebook Instagram Twitter\" \/>\n<meta property=\"og:url\" content=\"https:\/\/cibfx.com\/pt-br\/contate-nos-em\/\" \/>\n<meta property=\"og:site_name\" content=\"CIBFX\" \/>\n<meta property=\"article:modified_time\" content=\"2023-09-06T22:20:01+00:00\" \/>\n<meta name=\"twitter:card\" content=\"summary_large_image\" \/>\n<script type=\"application\/ld+json\" class=\"yoast-schema-graph\">{\"@context\":\"https:\/\/schema.org\",\"@graph\":[{\"@type\":\"WebPage\",\"@id\":\"https:\/\/cibfx.com\/pt-br\/contate-nos-em\/\",\"url\":\"https:\/\/cibfx.com\/pt-br\/contate-nos-em\/\",\"name\":\"Contate-nos em - CIBFX\",\"isPartOf\":{\"@id\":\"https:\/\/cibfx.com\/#website\"},\"datePublished\":\"2022-06-03T18:26:00+00:00\",\"dateModified\":\"2023-09-06T22:20:01+00:00\",\"breadcrumb\":{\"@id\":\"https:\/\/cibfx.com\/pt-br\/contate-nos-em\/#breadcrumb\"},\"inLanguage\":\"pt-BR\",\"potentialAction\":[{\"@type\":\"ReadAction\",\"target\":[\"https:\/\/cibfx.com\/pt-br\/contate-nos-em\/\"]}]},{\"@type\":\"BreadcrumbList\",\"@id\":\"https:\/\/cibfx.com\/pt-br\/contate-nos-em\/#breadcrumb\",\"itemListElement\":[{\"@type\":\"ListItem\",\"position\":1,\"name\":\"Portada\",\"item\":\"https:\/\/cibfx.com\/pt-br\/\"},{\"@type\":\"ListItem\",\"position\":2,\"name\":\"Contate-nos em\"}]},{\"@type\":\"WebSite\",\"@id\":\"https:\/\/cibfx.com\/#website\",\"url\":\"https:\/\/cibfx.com\/\",\"name\":\"CIBFX\",\"description\":\"Trading online seguro y confiable\",\"potentialAction\":[{\"@type\":\"SearchAction\",\"target\":{\"@type\":\"EntryPoint\",\"urlTemplate\":\"https:\/\/cibfx.com\/?s={search_term_string}\"},\"query-input\":{\"@type\":\"PropertyValueSpecification\",\"valueRequired\":true,\"valueName\":\"search_term_string\"}}],\"inLanguage\":\"pt-BR\"}]}<\/script>\n<!-- \/ Yoast SEO plugin. -->","yoast_head_json":{"title":"Contate-nos em - CIBFX","robots":{"index":"index","follow":"follow","max-snippet":"max-snippet:-1","max-image-preview":"max-image-preview:large","max-video-preview":"max-video-preview:-1"},"canonical":"https:\/\/cibfx.com\/pt-br\/contate-nos-em\/","og_locale":"pt_BR","og_type":"article","og_title":"Contate-nos em - CIBFX","og_description":"Para qualquer d\u00favida ou suporte, por favor, entre em contato conosco usando o formul\u00e1rio abaixo. Faremos o nosso melhor para voltar para voc\u00ea o mais r\u00e1pido poss\u00edvel.\u00a0 \u00a0 Tel\u00e9fono \ud83c\uddfb\ud83c\udde8 +17864041105 Soporte support@cibfx.com Seu nome e-mail Como podemos ajud\u00e1-los? Facebook Instagram Twitter","og_url":"https:\/\/cibfx.com\/pt-br\/contate-nos-em\/","og_site_name":"CIBFX","article_modified_time":"2023-09-06T22:20:01+00:00","twitter_card":"summary_large_image","schema":{"@context":"https:\/\/schema.org","@graph":[{"@type":"WebPage","@id":"https:\/\/cibfx.com\/pt-br\/contate-nos-em\/","url":"https:\/\/cibfx.com\/pt-br\/contate-nos-em\/","name":"Contate-nos em - CIBFX","isPartOf":{"@id":"https:\/\/cibfx.com\/#website"},"datePublished":"2022-06-03T18:26:00+00:00","dateModified":"2023-09-06T22:20:01+00:00","breadcrumb":{"@id":"https:\/\/cibfx.com\/pt-br\/contate-nos-em\/#breadcrumb"},"inLanguage":"pt-BR","potentialAction":[{"@type":"ReadAction","target":["https:\/\/cibfx.com\/pt-br\/contate-nos-em\/"]}]},{"@type":"BreadcrumbList","@id":"https:\/\/cibfx.com\/pt-br\/contate-nos-em\/#breadcrumb","itemListElement":[{"@type":"ListItem","position":1,"name":"Portada","item":"https:\/\/cibfx.com\/pt-br\/"},{"@type":"ListItem","position":2,"name":"Contate-nos em"}]},{"@type":"WebSite","@id":"https:\/\/cibfx.com\/#website","url":"https:\/\/cibfx.com\/","name":"CIBFX","description":"Trading online seguro y confiable","potentialAction":[{"@type":"SearchAction","target":{"@type":"EntryPoint","urlTemplate":"https:\/\/cibfx.com\/?s={search_term_string}"},"query-input":{"@type":"PropertyValueSpecification","valueRequired":true,"valueName":"search_term_string"}}],"inLanguage":"pt-BR"}]}},"_links":{"self":[{"href":"https:\/\/cibfx.com\/pt-br\/wp-json\/wp\/v2\/pages\/19731","targetHints":{"allow":["GET"]}}],"collection":[{"href":"https:\/\/cibfx.com\/pt-br\/wp-json\/wp\/v2\/pages"}],"about":[{"href":"https:\/\/cibfx.com\/pt-br\/wp-json\/wp\/v2\/types\/page"}],"author":[{"embeddable":true,"href":"https:\/\/cibfx.com\/pt-br\/wp-json\/wp\/v2\/users\/3"}],"replies":[{"embeddable":true,"href":"https:\/\/cibfx.com\/pt-br\/wp-json\/wp\/v2\/comments?post=19731"}],"version-history":[{"count":42,"href":"https:\/\/cibfx.com\/pt-br\/wp-json\/wp\/v2\/pages\/19731\/revisions"}],"predecessor-version":[{"id":21888,"href":"https:\/\/cibfx.com\/pt-br\/wp-json\/wp\/v2\/pages\/19731\/revisions\/21888"}],"wp:attachment":[{"href":"https:\/\/cibfx.com\/pt-br\/wp-json\/wp\/v2\/media?parent=19731"}],"curies":[{"name":"wp","href":"https:\/\/api.w.org\/{rel}","templated":true}]}}