{"id":19677,"date":"2022-04-13T20:22:49","date_gmt":"2022-04-13T20:22:49","guid":{"rendered":"https:\/\/test.cibfx.com\/nosotros\/"},"modified":"2023-01-16T14:53:02","modified_gmt":"2023-01-16T14:53:02","slug":"sobre-nos","status":"publish","type":"page","link":"https:\/\/cibfx.com\/pt-br\/sobre-nos\/","title":{"rendered":"sobre n\u00f3s"},"content":{"rendered":"\t\t<div data-elementor-type=\"wp-page\" data-elementor-id=\"19677\" class=\"elementor elementor-19677 elementor-474\">\n\t\t\t\t\t\t<section class=\"elementor-section elementor-top-section elementor-element elementor-element-d4944e7 elementor-section-boxed elementor-section-height-default elementor-section-height-default\" data-id=\"d4944e7\" data-element_type=\"section\">\n\t\t\t\t\t\t<div class=\"elementor-container elementor-column-gap-default\">\n\t\t\t\t\t<div class=\"elementor-column elementor-col-100 elementor-top-column elementor-element elementor-element-c5753a7\" data-id=\"c5753a7\" data-element_type=\"column\">\n\t\t\t<div class=\"elementor-widget-wrap elementor-element-populated\">\n\t\t\t\t\t\t<div class=\"elementor-element elementor-element-4743117 elementor-widget elementor-widget-heading\" data-id=\"4743117\" data-element_type=\"widget\" data-widget_type=\"heading.default\">\n\t\t\t\t<div class=\"elementor-widget-container\">\n\t\t\t\t\t<h2 class=\"elementor-heading-title elementor-size-default\">sobre n\u00f3s<\/h2>\t\t\t\t<\/div>\n\t\t\t\t<\/div>\n\t\t\t\t<div class=\"elementor-element elementor-element-82963f5 elementor-widget elementor-widget-heading\" data-id=\"82963f5\" data-element_type=\"widget\" data-widget_type=\"heading.default\">\n\t\t\t\t<div class=\"elementor-widget-container\">\n\t\t\t\t\t<h6 class=\"elementor-heading-title elementor-size-default\">Quem somos<\/h6>\t\t\t\t<\/div>\n\t\t\t\t<\/div>\n\t\t\t\t<div class=\"elementor-element elementor-element-84e6147 elementor-widget elementor-widget-text-editor\" data-id=\"84e6147\" data-element_type=\"widget\" data-widget_type=\"text-editor.default\">\n\t\t\t\t<div class=\"elementor-widget-container\">\n\t\t\t\t\t\t\t\t\t<p>A <strong>CIBfx<\/strong> oferece solu\u00e7\u00f5es de negocia\u00e7\u00e3o online sofisticadas o suficiente para comerciantes profissionais, por\u00e9m simples o suficiente para o novato forex. A <strong>CIBfx<\/strong> oferece acesso direto a m\u00faltiplos destinos de liquidez nos mercados forex sem a carga usual de interven\u00e7\u00e3o da mesa de opera\u00e7\u00f5es.<\/p><p>Na <strong>CIBfx<\/strong>, nos esfor\u00e7amos para atender \u00e0s necessidades financeiras de nossos clientes, forjando relacionamentos de longo prazo e tornando-se um fator crucial para ajud\u00e1-los a atingir seus objetivos financeiros. Nosso principal objetivo \u00e9 levar o melhor servi\u00e7o a nossos clientes atrav\u00e9s de uma variedade de m\u00e9todos. Estes m\u00e9todos consistem em plataformas tecnol\u00f3gicas, produtos espec\u00edficos, material educacional e o melhor servi\u00e7o personalizado.<\/p>\t\t\t\t\t\t\t\t<\/div>\n\t\t\t\t<\/div>\n\t\t\t\t\t<\/div>\n\t\t<\/div>\n\t\t\t\t\t<\/div>\n\t\t<\/section>\n\t\t\t\t<section class=\"elementor-section elementor-top-section elementor-element elementor-element-26af996 elementor-section-boxed elementor-section-height-default elementor-section-height-default\" data-id=\"26af996\" data-element_type=\"section\">\n\t\t\t\t\t\t<div class=\"elementor-container elementor-column-gap-default\">\n\t\t\t\t\t<div class=\"elementor-column elementor-col-100 elementor-top-column elementor-element elementor-element-b2c659a\" data-id=\"b2c659a\" data-element_type=\"column\">\n\t\t\t<div class=\"elementor-widget-wrap elementor-element-populated\">\n\t\t\t\t\t\t<div class=\"elementor-element elementor-element-20ab0cc elementor-widget elementor-widget-video\" data-id=\"20ab0cc\" data-element_type=\"widget\" data-settings=\"{&quot;youtube_url&quot;:&quot;https:\\\/\\\/www.youtube.com\\\/watch?v=S8w3UJvIyfk&amp;t=1s&amp;ab_channel=CIBFX&quot;,&quot;video_type&quot;:&quot;youtube&quot;,&quot;controls&quot;:&quot;yes&quot;}\" data-widget_type=\"video.default\">\n\t\t\t\t<div class=\"elementor-widget-container\">\n\t\t\t\t\t\t\t<div class=\"elementor-wrapper elementor-open-inline\">\n\t\t\t<div class=\"elementor-video\"><\/div>\t\t<\/div>\n\t\t\t\t\t\t<\/div>\n\t\t\t\t<\/div>\n\t\t\t\t<div class=\"elementor-element elementor-element-d6d9562 elementor-widget elementor-widget-spacer\" data-id=\"d6d9562\" data-element_type=\"widget\" data-widget_type=\"spacer.default\">\n\t\t\t\t<div class=\"elementor-widget-container\">\n\t\t\t\t\t\t\t<div class=\"elementor-spacer\">\n\t\t\t<div class=\"elementor-spacer-inner\"><\/div>\n\t\t<\/div>\n\t\t\t\t\t\t<\/div>\n\t\t\t\t<\/div>\n\t\t\t\t\t<\/div>\n\t\t<\/div>\n\t\t\t\t\t<\/div>\n\t\t<\/section>\n\t\t\t\t<section class=\"elementor-section elementor-top-section elementor-element elementor-element-6727e16 elementor-section-boxed elementor-section-height-default elementor-section-height-default\" data-id=\"6727e16\" data-element_type=\"section\">\n\t\t\t\t\t\t<div class=\"elementor-container elementor-column-gap-default\">\n\t\t\t\t\t<div class=\"elementor-column elementor-col-100 elementor-top-column elementor-element elementor-element-f1d0516\" data-id=\"f1d0516\" data-element_type=\"column\">\n\t\t\t<div class=\"elementor-widget-wrap elementor-element-populated\">\n\t\t\t\t\t\t<div class=\"elementor-element elementor-element-aa3074f elementor-widget elementor-widget-heading\" data-id=\"aa3074f\" data-element_type=\"widget\" data-widget_type=\"heading.default\">\n\t\t\t\t<div class=\"elementor-widget-container\">\n\t\t\t\t\t<h6 class=\"elementor-heading-title elementor-size-default\">Nossa miss\u00e3o: Pol\u00edtica antiass\u00e9dio<\/h6>\t\t\t\t<\/div>\n\t\t\t\t<\/div>\n\t\t\t\t<div class=\"elementor-element elementor-element-951d246 elementor-widget elementor-widget-text-editor\" data-id=\"951d246\" data-element_type=\"widget\" data-widget_type=\"text-editor.default\">\n\t\t\t\t<div class=\"elementor-widget-container\">\n\t\t\t\t\t\t\t\t\t<p>Na <strong>CIBfx<\/strong> acreditamos na verdadeira integridade do corretor. N\u00e3o acreditamos em induzir nossos clientes a investir no mercado al\u00e9m de seus meios ou de suas zonas de conforto. Al\u00e9m disso, nunca fazemos liga\u00e7\u00f5es n\u00e3o solicitadas ou pressionamos voc\u00ea a depositar fundos. \u00c9 importante para n\u00f3s que voc\u00ea opere em seu pr\u00f3prio ritmo e dentro de seus meios dispon\u00edveis. Que fiquemos em contato para ver como voc\u00ea est\u00e1 indo e se voc\u00ea precisa apenas de uma m\u00e3ozinha. Esta \u00e9 nossa promessa aos nossos clientes.<\/p>\t\t\t\t\t\t\t\t<\/div>\n\t\t\t\t<\/div>\n\t\t\t\t<div class=\"elementor-element elementor-element-c45fd4c elementor-widget elementor-widget-heading\" data-id=\"c45fd4c\" data-element_type=\"widget\" data-widget_type=\"heading.default\">\n\t\t\t\t<div class=\"elementor-widget-container\">\n\t\t\t\t\t<h6 class=\"elementor-heading-title elementor-size-default\">Perfil da empresa<\/h6>\t\t\t\t<\/div>\n\t\t\t\t<\/div>\n\t\t\t\t<div class=\"elementor-element elementor-element-fd56829 elementor-widget elementor-widget-text-editor\" data-id=\"fd56829\" data-element_type=\"widget\" data-widget_type=\"text-editor.default\">\n\t\t\t\t<div class=\"elementor-widget-container\">\n\t\t\t\t\t\t\t\t\t<p>A <strong>CIBfx est\u00e1 devidamente registrada como um IBC em S\u00e3o Vicente e Granadinas #24120.<\/strong> Toda atividade deposit\u00e1ria est\u00e1 protegida sob esta licen\u00e7a.&nbsp;<\/p>\t\t\t\t\t\t\t\t<\/div>\n\t\t\t\t<\/div>\n\t\t\t\t\t<\/div>\n\t\t<\/div>\n\t\t\t\t\t<\/div>\n\t\t<\/section>\n\t\t\t\t<\/div>\n\t\t","protected":false},"excerpt":{"rendered":"<p>sobre n\u00f3s Quem somos A CIBfx oferece solu\u00e7\u00f5es de negocia\u00e7\u00e3o online sofisticadas o suficiente para comerciantes profissionais, por\u00e9m simples o suficiente para o novato forex. A CIBfx oferece acesso direto a m\u00faltiplos destinos de liquidez nos mercados forex sem a carga usual de interven\u00e7\u00e3o da mesa de opera\u00e7\u00f5es. Na CIBfx, nos esfor\u00e7amos para atender \u00e0s [&hellip;]<\/p>\n","protected":false},"author":3,"featured_media":0,"parent":0,"menu_order":0,"comment_status":"closed","ping_status":"closed","template":"elementor_header_footer","meta":{"footnotes":""},"class_list":["post-19677","page","type-page","status-publish","hentry"],"yoast_head":"<!-- This site is optimized with the Yoast SEO plugin v23.4 - https:\/\/yoast.com\/wordpress\/plugins\/seo\/ -->\n<title>sobre n\u00f3s - CIBFX<\/title>\n<meta name=\"robots\" content=\"index, follow, max-snippet:-1, max-image-preview:large, max-video-preview:-1\" \/>\n<link rel=\"canonical\" href=\"https:\/\/cibfx.com\/nosotros\/\" \/>\n<meta property=\"og:locale\" content=\"pt_BR\" \/>\n<meta property=\"og:type\" content=\"article\" \/>\n<meta property=\"og:title\" content=\"sobre n\u00f3s - CIBFX\" \/>\n<meta property=\"og:description\" content=\"sobre n\u00f3s Quem somos A CIBfx oferece solu\u00e7\u00f5es de negocia\u00e7\u00e3o online sofisticadas o suficiente para comerciantes profissionais, por\u00e9m simples o suficiente para o novato forex. A CIBfx oferece acesso direto a m\u00faltiplos destinos de liquidez nos mercados forex sem a carga usual de interven\u00e7\u00e3o da mesa de opera\u00e7\u00f5es. Na CIBfx, nos esfor\u00e7amos para atender \u00e0s [&hellip;]\" \/>\n<meta property=\"og:url\" content=\"https:\/\/cibfx.com\/nosotros\/\" \/>\n<meta property=\"og:site_name\" content=\"CIBFX\" \/>\n<meta property=\"article:modified_time\" content=\"2023-01-16T14:53:02+00:00\" \/>\n<meta name=\"twitter:card\" content=\"summary_large_image\" \/>\n<meta name=\"twitter:label1\" content=\"Est. tempo de leitura\" \/>\n\t<meta name=\"twitter:data1\" content=\"2 minutos\" \/>\n<script type=\"application\/ld+json\" class=\"yoast-schema-graph\">{\"@context\":\"https:\/\/schema.org\",\"@graph\":[{\"@type\":\"WebPage\",\"@id\":\"https:\/\/cibfx.com\/nosotros\/\",\"url\":\"https:\/\/cibfx.com\/nosotros\/\",\"name\":\"sobre n\u00f3s - CIBFX\",\"isPartOf\":{\"@id\":\"https:\/\/cibfx.com\/#website\"},\"datePublished\":\"2022-04-13T20:22:49+00:00\",\"dateModified\":\"2023-01-16T14:53:02+00:00\",\"breadcrumb\":{\"@id\":\"https:\/\/cibfx.com\/nosotros\/#breadcrumb\"},\"inLanguage\":\"pt-BR\",\"potentialAction\":[{\"@type\":\"ReadAction\",\"target\":[\"https:\/\/cibfx.com\/nosotros\/\"]}]},{\"@type\":\"BreadcrumbList\",\"@id\":\"https:\/\/cibfx.com\/nosotros\/#breadcrumb\",\"itemListElement\":[{\"@type\":\"ListItem\",\"position\":1,\"name\":\"Portada\",\"item\":\"https:\/\/cibfx.com\/pt-br\/\"},{\"@type\":\"ListItem\",\"position\":2,\"name\":\"sobre n\u00f3s\"}]},{\"@type\":\"WebSite\",\"@id\":\"https:\/\/cibfx.com\/#website\",\"url\":\"https:\/\/cibfx.com\/\",\"name\":\"CIBFX\",\"description\":\"Trading online seguro y confiable\",\"potentialAction\":[{\"@type\":\"SearchAction\",\"target\":{\"@type\":\"EntryPoint\",\"urlTemplate\":\"https:\/\/cibfx.com\/?s={search_term_string}\"},\"query-input\":{\"@type\":\"PropertyValueSpecification\",\"valueRequired\":true,\"valueName\":\"search_term_string\"}}],\"inLanguage\":\"pt-BR\"}]}<\/script>\n<!-- \/ Yoast SEO plugin. -->","yoast_head_json":{"title":"sobre n\u00f3s - CIBFX","robots":{"index":"index","follow":"follow","max-snippet":"max-snippet:-1","max-image-preview":"max-image-preview:large","max-video-preview":"max-video-preview:-1"},"canonical":"https:\/\/cibfx.com\/nosotros\/","og_locale":"pt_BR","og_type":"article","og_title":"sobre n\u00f3s - CIBFX","og_description":"sobre n\u00f3s Quem somos A CIBfx oferece solu\u00e7\u00f5es de negocia\u00e7\u00e3o online sofisticadas o suficiente para comerciantes profissionais, por\u00e9m simples o suficiente para o novato forex. A CIBfx oferece acesso direto a m\u00faltiplos destinos de liquidez nos mercados forex sem a carga usual de interven\u00e7\u00e3o da mesa de opera\u00e7\u00f5es. Na CIBfx, nos esfor\u00e7amos para atender \u00e0s [&hellip;]","og_url":"https:\/\/cibfx.com\/nosotros\/","og_site_name":"CIBFX","article_modified_time":"2023-01-16T14:53:02+00:00","twitter_card":"summary_large_image","twitter_misc":{"Est. tempo de leitura":"2 minutos"},"schema":{"@context":"https:\/\/schema.org","@graph":[{"@type":"WebPage","@id":"https:\/\/cibfx.com\/nosotros\/","url":"https:\/\/cibfx.com\/nosotros\/","name":"sobre n\u00f3s - CIBFX","isPartOf":{"@id":"https:\/\/cibfx.com\/#website"},"datePublished":"2022-04-13T20:22:49+00:00","dateModified":"2023-01-16T14:53:02+00:00","breadcrumb":{"@id":"https:\/\/cibfx.com\/nosotros\/#breadcrumb"},"inLanguage":"pt-BR","potentialAction":[{"@type":"ReadAction","target":["https:\/\/cibfx.com\/nosotros\/"]}]},{"@type":"BreadcrumbList","@id":"https:\/\/cibfx.com\/nosotros\/#breadcrumb","itemListElement":[{"@type":"ListItem","position":1,"name":"Portada","item":"https:\/\/cibfx.com\/pt-br\/"},{"@type":"ListItem","position":2,"name":"sobre n\u00f3s"}]},{"@type":"WebSite","@id":"https:\/\/cibfx.com\/#website","url":"https:\/\/cibfx.com\/","name":"CIBFX","description":"Trading online seguro y confiable","potentialAction":[{"@type":"SearchAction","target":{"@type":"EntryPoint","urlTemplate":"https:\/\/cibfx.com\/?s={search_term_string}"},"query-input":{"@type":"PropertyValueSpecification","valueRequired":true,"valueName":"search_term_string"}}],"inLanguage":"pt-BR"}]}},"_links":{"self":[{"href":"https:\/\/cibfx.com\/pt-br\/wp-json\/wp\/v2\/pages\/19677","targetHints":{"allow":["GET"]}}],"collection":[{"href":"https:\/\/cibfx.com\/pt-br\/wp-json\/wp\/v2\/pages"}],"about":[{"href":"https:\/\/cibfx.com\/pt-br\/wp-json\/wp\/v2\/types\/page"}],"author":[{"embeddable":true,"href":"https:\/\/cibfx.com\/pt-br\/wp-json\/wp\/v2\/users\/3"}],"replies":[{"embeddable":true,"href":"https:\/\/cibfx.com\/pt-br\/wp-json\/wp\/v2\/comments?post=19677"}],"version-history":[{"count":3,"href":"https:\/\/cibfx.com\/pt-br\/wp-json\/wp\/v2\/pages\/19677\/revisions"}],"predecessor-version":[{"id":21483,"href":"https:\/\/cibfx.com\/pt-br\/wp-json\/wp\/v2\/pages\/19677\/revisions\/21483"}],"wp:attachment":[{"href":"https:\/\/cibfx.com\/pt-br\/wp-json\/wp\/v2\/media?parent=19677"}],"curies":[{"name":"wp","href":"https:\/\/api.w.org\/{rel}","templated":true}]}}