{"id":19403,"date":"2022-04-12T12:52:59","date_gmt":"2022-04-12T12:52:59","guid":{"rendered":"https:\/\/cibfx.dominiopruebas.com\/metatrader\/"},"modified":"2022-10-18T16:13:50","modified_gmt":"2022-10-18T16:13:50","slug":"metatrader","status":"publish","type":"page","link":"https:\/\/cibfx.com\/en\/metatrader\/","title":{"rendered":"Metatrader"},"content":{"rendered":"\t\t<div data-elementor-type=\"wp-page\" data-elementor-id=\"19403\" class=\"elementor elementor-19403 elementor-449\">\n\t\t\t\t\t\t<section class=\"elementor-section elementor-top-section elementor-element elementor-element-444349b elementor-section-boxed elementor-section-height-default elementor-section-height-default\" data-id=\"444349b\" data-element_type=\"section\">\n\t\t\t\t\t\t<div class=\"elementor-container elementor-column-gap-default\">\n\t\t\t\t\t<div class=\"elementor-column elementor-col-100 elementor-top-column elementor-element elementor-element-acea8eb\" data-id=\"acea8eb\" data-element_type=\"column\">\n\t\t\t<div class=\"elementor-widget-wrap elementor-element-populated\">\n\t\t\t\t\t\t<div class=\"elementor-element elementor-element-eecc40c elementor-widget elementor-widget-spacer\" data-id=\"eecc40c\" data-element_type=\"widget\" data-widget_type=\"spacer.default\">\n\t\t\t\t<div class=\"elementor-widget-container\">\n\t\t\t\t\t\t\t<div class=\"elementor-spacer\">\n\t\t\t<div class=\"elementor-spacer-inner\"><\/div>\n\t\t<\/div>\n\t\t\t\t\t\t<\/div>\n\t\t\t\t<\/div>\n\t\t\t\t\t<\/div>\n\t\t<\/div>\n\t\t\t\t\t<\/div>\n\t\t<\/section>\n\t\t\t\t<section class=\"elementor-section elementor-top-section elementor-element elementor-element-75904b7 elementor-reverse-tablet elementor-reverse-mobile elementor-section-boxed elementor-section-height-default elementor-section-height-default\" data-id=\"75904b7\" data-element_type=\"section\">\n\t\t\t\t\t\t<div class=\"elementor-container elementor-column-gap-default\">\n\t\t\t\t\t<div class=\"elementor-column elementor-col-50 elementor-top-column elementor-element elementor-element-d2171af\" data-id=\"d2171af\" data-element_type=\"column\">\n\t\t\t<div class=\"elementor-widget-wrap elementor-element-populated\">\n\t\t\t\t\t\t<div class=\"elementor-element elementor-element-4f906fa elementor-widget elementor-widget-heading\" data-id=\"4f906fa\" data-element_type=\"widget\" data-widget_type=\"heading.default\">\n\t\t\t\t<div class=\"elementor-widget-container\">\n\t\t\t\t\t<h2 class=\"elementor-heading-title elementor-size-default\">METATRADER MT4<\/h2>\t\t\t\t<\/div>\n\t\t\t\t<\/div>\n\t\t\t\t<div class=\"elementor-element elementor-element-acf157b elementor-widget elementor-widget-text-editor\" data-id=\"acf157b\" data-element_type=\"widget\" data-widget_type=\"text-editor.default\">\n\t\t\t\t<div class=\"elementor-widget-container\">\n\t\t\t\t\t\t\t\t\t<p>La altamente aclamada plataforma de comercio Metatrader 4 o MT4, c\u00f3mo es com\u00fanmente conocida, es una de las plataformas de negociaci\u00f3n de divisas y otras instrumentos m\u00e1s conocidas y ampliamente utilizadas hoy en d\u00eda. Es la primera opci\u00f3n entre los inversores minoristas y comerciantes por igual y la plataforma de referencia entre los corredores. Es una de las plataformas comerciales m\u00e1s avanzadas y f\u00e1ciles de usar, lleno de todas las caracter\u00edsticas necesarias que requieren los comerciantes, con el fin de tener \u00e9xito con su comercio de divisas.<\/p>\t\t\t\t\t\t\t\t<\/div>\n\t\t\t\t<\/div>\n\t\t\t\t<section class=\"elementor-section elementor-inner-section elementor-element elementor-element-318ae32 elementor-section-boxed elementor-section-height-default elementor-section-height-default\" data-id=\"318ae32\" data-element_type=\"section\">\n\t\t\t\t\t\t<div class=\"elementor-container elementor-column-gap-default\">\n\t\t\t\t\t<div class=\"elementor-column elementor-col-50 elementor-inner-column elementor-element elementor-element-fe3e10c\" data-id=\"fe3e10c\" data-element_type=\"column\">\n\t\t\t<div class=\"elementor-widget-wrap elementor-element-populated\">\n\t\t\t\t\t\t<div class=\"elementor-element elementor-element-307b515 elementor-widget elementor-widget-image\" data-id=\"307b515\" data-element_type=\"widget\" data-widget_type=\"image.default\">\n\t\t\t\t<div class=\"elementor-widget-container\">\n\t\t\t\t\t\t\t\t\t\t\t\t\t\t\t\t<a href=\"https:\/\/download.mql5.com\/cdn\/web\/metaquotes.software.corp\/mt4\/MetaTrader4.dmg?utm_source=support.metaquotes.net&#038;utm_campaign=download.mt4.macos\">\n\t\t\t\t\t\t\t<img decoding=\"async\" width=\"204\" height=\"62\" src=\"https:\/\/cibfx.com\/wp-content\/uploads\/2022\/04\/btn-IOS.png\" class=\"attachment-large size-large wp-image-18980\" alt=\"\" \/>\t\t\t\t\t\t\t\t<\/a>\n\t\t\t\t\t\t\t\t\t\t\t\t\t\t\t<\/div>\n\t\t\t\t<\/div>\n\t\t\t\t\t<\/div>\n\t\t<\/div>\n\t\t\t\t<div class=\"elementor-column elementor-col-50 elementor-inner-column elementor-element elementor-element-78f51f6\" data-id=\"78f51f6\" data-element_type=\"column\">\n\t\t\t<div class=\"elementor-widget-wrap elementor-element-populated\">\n\t\t\t\t\t\t<div class=\"elementor-element elementor-element-7b246d5 elementor-widget elementor-widget-image\" data-id=\"7b246d5\" data-element_type=\"widget\" data-widget_type=\"image.default\">\n\t\t\t\t<div class=\"elementor-widget-container\">\n\t\t\t\t\t\t\t\t\t\t\t\t\t\t\t\t<a href=\"https:\/\/download.mql5.com\/cdn\/web\/cib.capital.investment\/mt4\/cib4setup.exe\">\n\t\t\t\t\t\t\t<img decoding=\"async\" width=\"204\" height=\"62\" src=\"https:\/\/cibfx.com\/wp-content\/uploads\/2022\/04\/btn-GOO.png\" class=\"attachment-large size-large wp-image-18982\" alt=\"\" \/>\t\t\t\t\t\t\t\t<\/a>\n\t\t\t\t\t\t\t\t\t\t\t\t\t\t\t<\/div>\n\t\t\t\t<\/div>\n\t\t\t\t\t<\/div>\n\t\t<\/div>\n\t\t\t\t\t<\/div>\n\t\t<\/section>\n\t\t\t\t\t<\/div>\n\t\t<\/div>\n\t\t\t\t<div class=\"elementor-column elementor-col-50 elementor-top-column elementor-element elementor-element-3c1ce53\" data-id=\"3c1ce53\" data-element_type=\"column\">\n\t\t\t<div class=\"elementor-widget-wrap elementor-element-populated\">\n\t\t\t\t\t\t<div class=\"elementor-element elementor-element-0f20505 elementor-widget elementor-widget-image\" data-id=\"0f20505\" data-element_type=\"widget\" data-widget_type=\"image.default\">\n\t\t\t\t<div class=\"elementor-widget-container\">\n\t\t\t\t\t\t\t\t\t\t\t\t\t\t\t<img fetchpriority=\"high\" decoding=\"async\" width=\"800\" height=\"534\" src=\"https:\/\/cibfx.com\/wp-content\/uploads\/2022\/06\/Mockup-5-1024x683.png\" class=\"attachment-large size-large wp-image-19086\" alt=\"\" srcset=\"https:\/\/cibfx.com\/wp-content\/uploads\/2022\/06\/Mockup-5-1024x683.png 1024w, https:\/\/cibfx.com\/wp-content\/uploads\/2022\/06\/Mockup-5-300x200.png 300w, https:\/\/cibfx.com\/wp-content\/uploads\/2022\/06\/Mockup-5-768x512.png 768w, https:\/\/cibfx.com\/wp-content\/uploads\/2022\/06\/Mockup-5-1536x1024.png 1536w, https:\/\/cibfx.com\/wp-content\/uploads\/2022\/06\/Mockup-5-2048x1365.png 2048w\" sizes=\"(max-width: 800px) 100vw, 800px\" \/>\t\t\t\t\t\t\t\t\t\t\t\t\t\t\t<\/div>\n\t\t\t\t<\/div>\n\t\t\t\t\t<\/div>\n\t\t<\/div>\n\t\t\t\t\t<\/div>\n\t\t<\/section>\n\t\t\t\t<section class=\"elementor-section elementor-top-section elementor-element elementor-element-916b48c elementor-section-boxed elementor-section-height-default elementor-section-height-default\" data-id=\"916b48c\" data-element_type=\"section\" data-settings=\"{&quot;background_background&quot;:&quot;classic&quot;}\">\n\t\t\t\t\t\t<div class=\"elementor-container elementor-column-gap-default\">\n\t\t\t\t\t<div class=\"elementor-column elementor-col-50 elementor-top-column elementor-element elementor-element-976b19f\" data-id=\"976b19f\" data-element_type=\"column\">\n\t\t\t<div class=\"elementor-widget-wrap elementor-element-populated\">\n\t\t\t\t\t\t<div class=\"elementor-element elementor-element-0fd472f elementor-widget elementor-widget-image\" data-id=\"0fd472f\" data-element_type=\"widget\" data-widget_type=\"image.default\">\n\t\t\t\t<div class=\"elementor-widget-container\">\n\t\t\t\t\t\t\t\t\t\t\t\t\t\t\t<img loading=\"lazy\" decoding=\"async\" width=\"620\" height=\"403\" src=\"https:\/\/cibfx.com\/wp-content\/uploads\/2022\/06\/Mockup-10-removebg-preview.png\" class=\"attachment-large size-large wp-image-19124\" alt=\"\" srcset=\"https:\/\/cibfx.com\/wp-content\/uploads\/2022\/06\/Mockup-10-removebg-preview.png 620w, https:\/\/cibfx.com\/wp-content\/uploads\/2022\/06\/Mockup-10-removebg-preview-300x195.png 300w\" sizes=\"(max-width: 620px) 100vw, 620px\" \/>\t\t\t\t\t\t\t\t\t\t\t\t\t\t\t<\/div>\n\t\t\t\t<\/div>\n\t\t\t\t\t<\/div>\n\t\t<\/div>\n\t\t\t\t<div class=\"elementor-column elementor-col-50 elementor-top-column elementor-element elementor-element-d580bfb\" data-id=\"d580bfb\" data-element_type=\"column\">\n\t\t\t<div class=\"elementor-widget-wrap elementor-element-populated\">\n\t\t\t\t\t\t<div class=\"elementor-element elementor-element-a8f69ef elementor-widget elementor-widget-heading\" data-id=\"a8f69ef\" data-element_type=\"widget\" data-widget_type=\"heading.default\">\n\t\t\t\t<div class=\"elementor-widget-container\">\n\t\t\t\t\t<h2 class=\"elementor-heading-title elementor-size-default\">MOBILE TRADER<\/h2>\t\t\t\t<\/div>\n\t\t\t\t<\/div>\n\t\t\t\t<div class=\"elementor-element elementor-element-1fad3ac elementor-widget elementor-widget-text-editor\" data-id=\"1fad3ac\" data-element_type=\"widget\" data-widget_type=\"text-editor.default\">\n\t\t\t\t<div class=\"elementor-widget-container\">\n\t\t\t\t\t\t\t\t\t<p>Independientemente del tipo de tel\u00e9fono que tengas, CIB Proporciona las herramientas para hacer su experiencia comercial f\u00e1cil y directa. Nuestras plataformas de comercio m\u00f3vil est\u00e1n disponibles para el iPhone, iPad, Blackberry, Android, Windows Mobile y otros smartphones<\/p>\t\t\t\t\t\t\t\t<\/div>\n\t\t\t\t<\/div>\n\t\t\t\t<section class=\"elementor-section elementor-inner-section elementor-element elementor-element-52bdf5c elementor-section-boxed elementor-section-height-default elementor-section-height-default\" data-id=\"52bdf5c\" data-element_type=\"section\">\n\t\t\t\t\t\t<div class=\"elementor-container elementor-column-gap-default\">\n\t\t\t\t\t<div class=\"elementor-column elementor-col-50 elementor-inner-column elementor-element elementor-element-2c331cc\" data-id=\"2c331cc\" data-element_type=\"column\">\n\t\t\t<div class=\"elementor-widget-wrap elementor-element-populated\">\n\t\t\t\t\t\t<div class=\"elementor-element elementor-element-a83edba elementor-widget elementor-widget-image\" data-id=\"a83edba\" data-element_type=\"widget\" data-widget_type=\"image.default\">\n\t\t\t\t<div class=\"elementor-widget-container\">\n\t\t\t\t\t\t\t\t\t\t\t\t\t\t\t\t<a href=\"https:\/\/apps.apple.com\/np\/app\/metatrader-4\/id496212596\">\n\t\t\t\t\t\t\t<img decoding=\"async\" width=\"204\" height=\"62\" src=\"https:\/\/cibfx.com\/wp-content\/uploads\/2022\/04\/btn-IOS.png\" class=\"attachment-large size-large wp-image-18980\" alt=\"\" \/>\t\t\t\t\t\t\t\t<\/a>\n\t\t\t\t\t\t\t\t\t\t\t\t\t\t\t<\/div>\n\t\t\t\t<\/div>\n\t\t\t\t\t<\/div>\n\t\t<\/div>\n\t\t\t\t<div class=\"elementor-column elementor-col-50 elementor-inner-column elementor-element elementor-element-be47367\" data-id=\"be47367\" data-element_type=\"column\">\n\t\t\t<div class=\"elementor-widget-wrap elementor-element-populated\">\n\t\t\t\t\t\t<div class=\"elementor-element elementor-element-29780c7 elementor-widget elementor-widget-image\" data-id=\"29780c7\" data-element_type=\"widget\" data-widget_type=\"image.default\">\n\t\t\t\t<div class=\"elementor-widget-container\">\n\t\t\t\t\t\t\t\t\t\t\t\t\t\t\t\t<a href=\"https:\/\/play.google.com\/store\/apps\/details?id=net.metaquotes.metatrader4\">\n\t\t\t\t\t\t\t<img decoding=\"async\" width=\"204\" height=\"62\" src=\"https:\/\/cibfx.com\/wp-content\/uploads\/2022\/04\/btn-GOO.png\" class=\"attachment-large size-large wp-image-18982\" alt=\"\" \/>\t\t\t\t\t\t\t\t<\/a>\n\t\t\t\t\t\t\t\t\t\t\t\t\t\t\t<\/div>\n\t\t\t\t<\/div>\n\t\t\t\t\t<\/div>\n\t\t<\/div>\n\t\t\t\t\t<\/div>\n\t\t<\/section>\n\t\t\t\t\t<\/div>\n\t\t<\/div>\n\t\t\t\t\t<\/div>\n\t\t<\/section>\n\t\t\t\t<section class=\"elementor-section elementor-top-section elementor-element elementor-element-5f8af56 elementor-reverse-tablet elementor-reverse-mobile elementor-section-boxed elementor-section-height-default elementor-section-height-default\" data-id=\"5f8af56\" data-element_type=\"section\">\n\t\t\t\t\t\t<div class=\"elementor-container elementor-column-gap-default\">\n\t\t\t\t\t<div class=\"elementor-column elementor-col-50 elementor-top-column elementor-element elementor-element-4fbe87d\" data-id=\"4fbe87d\" data-element_type=\"column\">\n\t\t\t<div class=\"elementor-widget-wrap elementor-element-populated\">\n\t\t\t\t\t\t<div class=\"elementor-element elementor-element-a62cba5 elementor-widget elementor-widget-heading\" data-id=\"a62cba5\" data-element_type=\"widget\" data-widget_type=\"heading.default\">\n\t\t\t\t<div class=\"elementor-widget-container\">\n\t\t\t\t\t<h2 class=\"elementor-heading-title elementor-size-default\">TABLET TRADER<\/h2>\t\t\t\t<\/div>\n\t\t\t\t<\/div>\n\t\t\t\t<div class=\"elementor-element elementor-element-3a31770 elementor-widget elementor-widget-heading\" data-id=\"3a31770\" data-element_type=\"widget\" data-widget_type=\"heading.default\">\n\t\t\t\t<div class=\"elementor-widget-container\">\n\t\t\t\t\t<h6 class=\"elementor-heading-title elementor-size-default\"><b>Android<\/b><\/h6>\t\t\t\t<\/div>\n\t\t\t\t<\/div>\n\t\t\t\t<div class=\"elementor-element elementor-element-4a30954 elementor-widget elementor-widget-text-editor\" data-id=\"4a30954\" data-element_type=\"widget\" data-widget_type=\"text-editor.default\">\n\t\t\t\t<div class=\"elementor-widget-container\">\n\t\t\t\t\t\t\t\t\tNuestra Plataforma para Tabletas est\u00e1 disponible para las Tabletas Android. Descarga la aplicaci\u00f3n AQUI\t\t\t\t\t\t\t\t<\/div>\n\t\t\t\t<\/div>\n\t\t\t\t<div class=\"elementor-element elementor-element-9e6a306 elementor-widget elementor-widget-heading\" data-id=\"9e6a306\" data-element_type=\"widget\" data-widget_type=\"heading.default\">\n\t\t\t\t<div class=\"elementor-widget-container\">\n\t\t\t\t\t<h6 class=\"elementor-heading-title elementor-size-default\"><b>Apple<\/b><\/h6>\t\t\t\t<\/div>\n\t\t\t\t<\/div>\n\t\t\t\t<div class=\"elementor-element elementor-element-4ba4296 elementor-widget elementor-widget-text-editor\" data-id=\"4ba4296\" data-element_type=\"widget\" data-widget_type=\"text-editor.default\">\n\t\t\t\t<div class=\"elementor-widget-container\">\n\t\t\t\t\t\t\t\t\tNuestra Plataforma para Tabletas est\u00e1 disponible para las Tabletas de Apple. Descarga la aplicaci\u00f3n AQUI\t\t\t\t\t\t\t\t<\/div>\n\t\t\t\t<\/div>\n\t\t\t\t<div class=\"elementor-element elementor-element-68d789b elementor-widget elementor-widget-heading\" data-id=\"68d789b\" data-element_type=\"widget\" data-widget_type=\"heading.default\">\n\t\t\t\t<div class=\"elementor-widget-container\">\n\t\t\t\t\t<span class=\"elementor-heading-title elementor-size-default\"><b>Especificaciones<\/b><\/span>\t\t\t\t<\/div>\n\t\t\t\t<\/div>\n\t\t\t\t<div class=\"elementor-element elementor-element-6e20db9 elementor-widget elementor-widget-text-editor\" data-id=\"6e20db9\" data-element_type=\"widget\" data-widget_type=\"text-editor.default\">\n\t\t\t\t<div class=\"elementor-widget-container\">\n\t\t\t\t\t\t\t\t\t<p>-Pantalla m\u00e1s grande da m\u00e1s posibilidades<br \/>-Ajuste el dise\u00f1o y el contenido a lo que desea<br \/>-Negocie las acciones directamente desde la tableta<br \/>-Muestra carteras actualizadas, notas de contrato y an\u00e1lisis<br \/>-Vista detallada de los instrumentos y las noticias<\/p>\t\t\t\t\t\t\t\t<\/div>\n\t\t\t\t<\/div>\n\t\t\t\t<section class=\"elementor-section elementor-inner-section elementor-element elementor-element-fc100aa elementor-section-boxed elementor-section-height-default elementor-section-height-default\" data-id=\"fc100aa\" data-element_type=\"section\">\n\t\t\t\t\t\t<div class=\"elementor-container elementor-column-gap-default\">\n\t\t\t\t\t<div class=\"elementor-column elementor-col-50 elementor-inner-column elementor-element elementor-element-17fe990\" data-id=\"17fe990\" data-element_type=\"column\">\n\t\t\t<div class=\"elementor-widget-wrap elementor-element-populated\">\n\t\t\t\t\t\t<div class=\"elementor-element elementor-element-7572ed8 elementor-widget elementor-widget-image\" data-id=\"7572ed8\" data-element_type=\"widget\" data-widget_type=\"image.default\">\n\t\t\t\t<div class=\"elementor-widget-container\">\n\t\t\t\t\t\t\t\t\t\t\t\t\t\t\t<img decoding=\"async\" width=\"204\" height=\"62\" src=\"https:\/\/cibfx.com\/wp-content\/uploads\/2022\/04\/btn-IOS.png\" class=\"attachment-large size-large wp-image-18980\" alt=\"\" \/>\t\t\t\t\t\t\t\t\t\t\t\t\t\t\t<\/div>\n\t\t\t\t<\/div>\n\t\t\t\t\t<\/div>\n\t\t<\/div>\n\t\t\t\t<div class=\"elementor-column elementor-col-50 elementor-inner-column elementor-element elementor-element-a86a148\" data-id=\"a86a148\" data-element_type=\"column\">\n\t\t\t<div class=\"elementor-widget-wrap elementor-element-populated\">\n\t\t\t\t\t\t<div class=\"elementor-element elementor-element-ea3a7ea elementor-widget elementor-widget-image\" data-id=\"ea3a7ea\" data-element_type=\"widget\" data-widget_type=\"image.default\">\n\t\t\t\t<div class=\"elementor-widget-container\">\n\t\t\t\t\t\t\t\t\t\t\t\t\t\t\t<img decoding=\"async\" width=\"204\" height=\"62\" src=\"https:\/\/cibfx.com\/wp-content\/uploads\/2022\/04\/btn-GOO.png\" class=\"attachment-large size-large wp-image-18982\" alt=\"\" \/>\t\t\t\t\t\t\t\t\t\t\t\t\t\t\t<\/div>\n\t\t\t\t<\/div>\n\t\t\t\t\t<\/div>\n\t\t<\/div>\n\t\t\t\t\t<\/div>\n\t\t<\/section>\n\t\t\t\t\t<\/div>\n\t\t<\/div>\n\t\t\t\t<div class=\"elementor-column elementor-col-50 elementor-top-column elementor-element elementor-element-dccec79\" data-id=\"dccec79\" data-element_type=\"column\">\n\t\t\t<div class=\"elementor-widget-wrap elementor-element-populated\">\n\t\t\t\t\t\t<div class=\"elementor-element elementor-element-11d7102 elementor-widget elementor-widget-image\" data-id=\"11d7102\" data-element_type=\"widget\" data-widget_type=\"image.default\">\n\t\t\t\t<div class=\"elementor-widget-container\">\n\t\t\t\t\t\t\t\t\t\t\t\t\t\t\t<img loading=\"lazy\" decoding=\"async\" width=\"577\" height=\"433\" src=\"https:\/\/cibfx.com\/wp-content\/uploads\/2022\/06\/Mockup-9-removebg-preview.png\" class=\"attachment-large size-large wp-image-19122\" alt=\"\" srcset=\"https:\/\/cibfx.com\/wp-content\/uploads\/2022\/06\/Mockup-9-removebg-preview.png 577w, https:\/\/cibfx.com\/wp-content\/uploads\/2022\/06\/Mockup-9-removebg-preview-300x225.png 300w\" sizes=\"(max-width: 577px) 100vw, 577px\" \/>\t\t\t\t\t\t\t\t\t\t\t\t\t\t\t<\/div>\n\t\t\t\t<\/div>\n\t\t\t\t\t<\/div>\n\t\t<\/div>\n\t\t\t\t\t<\/div>\n\t\t<\/section>\n\t\t\t\t<section class=\"elementor-section elementor-top-section elementor-element elementor-element-d2269f9 elementor-section-boxed elementor-section-height-default elementor-section-height-default\" data-id=\"d2269f9\" data-element_type=\"section\">\n\t\t\t\t\t\t<div class=\"elementor-container elementor-column-gap-default\">\n\t\t\t\t\t<div class=\"elementor-column elementor-col-100 elementor-top-column elementor-element elementor-element-3265661\" data-id=\"3265661\" data-element_type=\"column\">\n\t\t\t<div class=\"elementor-widget-wrap elementor-element-populated\">\n\t\t\t\t\t\t<div class=\"elementor-element elementor-element-ee16385 elementor-widget elementor-widget-spacer\" data-id=\"ee16385\" data-element_type=\"widget\" data-widget_type=\"spacer.default\">\n\t\t\t\t<div class=\"elementor-widget-container\">\n\t\t\t\t\t\t\t<div class=\"elementor-spacer\">\n\t\t\t<div class=\"elementor-spacer-inner\"><\/div>\n\t\t<\/div>\n\t\t\t\t\t\t<\/div>\n\t\t\t\t<\/div>\n\t\t\t\t\t<\/div>\n\t\t<\/div>\n\t\t\t\t\t<\/div>\n\t\t<\/section>\n\t\t\t\t<\/div>\n\t\t","protected":false},"excerpt":{"rendered":"<p>METATRADER MT4 La altamente aclamada plataforma de comercio Metatrader 4 o MT4, c\u00f3mo es com\u00fanmente conocida, es una de las plataformas de negociaci\u00f3n de divisas y otras instrumentos m\u00e1s conocidas y ampliamente utilizadas hoy en d\u00eda. Es la primera opci\u00f3n entre los inversores minoristas y comerciantes por igual y la plataforma de referencia entre los [&hellip;]<\/p>\n","protected":false},"author":3,"featured_media":0,"parent":0,"menu_order":0,"comment_status":"closed","ping_status":"closed","template":"elementor_header_footer","meta":{"footnotes":""},"class_list":["post-19403","page","type-page","status-publish","hentry"],"yoast_head":"<!-- This site is optimized with the Yoast SEO plugin v23.4 - https:\/\/yoast.com\/wordpress\/plugins\/seo\/ -->\n<title>Metatrader - CIBFX<\/title>\n<meta name=\"robots\" content=\"index, follow, max-snippet:-1, max-image-preview:large, max-video-preview:-1\" \/>\n<link rel=\"canonical\" href=\"https:\/\/cibfx.com\/en\/metatrader\/\" \/>\n<meta property=\"og:locale\" content=\"en_US\" \/>\n<meta property=\"og:type\" content=\"article\" \/>\n<meta property=\"og:title\" content=\"Metatrader - CIBFX\" \/>\n<meta property=\"og:description\" content=\"METATRADER MT4 La altamente aclamada plataforma de comercio Metatrader 4 o MT4, c\u00f3mo es com\u00fanmente conocida, es una de las plataformas de negociaci\u00f3n de divisas y otras instrumentos m\u00e1s conocidas y ampliamente utilizadas hoy en d\u00eda. Es la primera opci\u00f3n entre los inversores minoristas y comerciantes por igual y la plataforma de referencia entre los [&hellip;]\" \/>\n<meta property=\"og:url\" content=\"https:\/\/cibfx.com\/en\/metatrader\/\" \/>\n<meta property=\"og:site_name\" content=\"CIBFX\" \/>\n<meta property=\"article:modified_time\" content=\"2022-10-18T16:13:50+00:00\" \/>\n<meta property=\"og:image\" content=\"https:\/\/cibfx.com\/wp-content\/uploads\/2022\/04\/btn-IOS.png\" \/>\n<meta name=\"twitter:card\" content=\"summary_large_image\" \/>\n<meta name=\"twitter:label1\" content=\"Est. reading time\" \/>\n\t<meta name=\"twitter:data1\" content=\"1 minute\" \/>\n<script type=\"application\/ld+json\" class=\"yoast-schema-graph\">{\"@context\":\"https:\/\/schema.org\",\"@graph\":[{\"@type\":\"WebPage\",\"@id\":\"https:\/\/cibfx.com\/en\/metatrader\/\",\"url\":\"https:\/\/cibfx.com\/en\/metatrader\/\",\"name\":\"Metatrader - CIBFX\",\"isPartOf\":{\"@id\":\"https:\/\/cibfx.com\/#website\"},\"primaryImageOfPage\":{\"@id\":\"https:\/\/cibfx.com\/en\/metatrader\/#primaryimage\"},\"image\":{\"@id\":\"https:\/\/cibfx.com\/en\/metatrader\/#primaryimage\"},\"thumbnailUrl\":\"https:\/\/cibfx.com\/wp-content\/uploads\/2022\/04\/btn-IOS.png\",\"datePublished\":\"2022-04-12T12:52:59+00:00\",\"dateModified\":\"2022-10-18T16:13:50+00:00\",\"breadcrumb\":{\"@id\":\"https:\/\/cibfx.com\/en\/metatrader\/#breadcrumb\"},\"inLanguage\":\"en-US\",\"potentialAction\":[{\"@type\":\"ReadAction\",\"target\":[\"https:\/\/cibfx.com\/en\/metatrader\/\"]}]},{\"@type\":\"ImageObject\",\"inLanguage\":\"en-US\",\"@id\":\"https:\/\/cibfx.com\/en\/metatrader\/#primaryimage\",\"url\":\"https:\/\/cibfx.com\/wp-content\/uploads\/2022\/04\/btn-IOS.png\",\"contentUrl\":\"https:\/\/cibfx.com\/wp-content\/uploads\/2022\/04\/btn-IOS.png\"},{\"@type\":\"BreadcrumbList\",\"@id\":\"https:\/\/cibfx.com\/en\/metatrader\/#breadcrumb\",\"itemListElement\":[{\"@type\":\"ListItem\",\"position\":1,\"name\":\"Portada\",\"item\":\"https:\/\/cibfx.com\/pt-br\/\"},{\"@type\":\"ListItem\",\"position\":2,\"name\":\"Metatrader\"}]},{\"@type\":\"WebSite\",\"@id\":\"https:\/\/cibfx.com\/#website\",\"url\":\"https:\/\/cibfx.com\/\",\"name\":\"CIBFX\",\"description\":\"Trading online seguro y confiable\",\"potentialAction\":[{\"@type\":\"SearchAction\",\"target\":{\"@type\":\"EntryPoint\",\"urlTemplate\":\"https:\/\/cibfx.com\/?s={search_term_string}\"},\"query-input\":{\"@type\":\"PropertyValueSpecification\",\"valueRequired\":true,\"valueName\":\"search_term_string\"}}],\"inLanguage\":\"en-US\"}]}<\/script>\n<!-- \/ Yoast SEO plugin. -->","yoast_head_json":{"title":"Metatrader - CIBFX","robots":{"index":"index","follow":"follow","max-snippet":"max-snippet:-1","max-image-preview":"max-image-preview:large","max-video-preview":"max-video-preview:-1"},"canonical":"https:\/\/cibfx.com\/en\/metatrader\/","og_locale":"en_US","og_type":"article","og_title":"Metatrader - CIBFX","og_description":"METATRADER MT4 La altamente aclamada plataforma de comercio Metatrader 4 o MT4, c\u00f3mo es com\u00fanmente conocida, es una de las plataformas de negociaci\u00f3n de divisas y otras instrumentos m\u00e1s conocidas y ampliamente utilizadas hoy en d\u00eda. Es la primera opci\u00f3n entre los inversores minoristas y comerciantes por igual y la plataforma de referencia entre los [&hellip;]","og_url":"https:\/\/cibfx.com\/en\/metatrader\/","og_site_name":"CIBFX","article_modified_time":"2022-10-18T16:13:50+00:00","og_image":[{"url":"https:\/\/cibfx.com\/wp-content\/uploads\/2022\/04\/btn-IOS.png"}],"twitter_card":"summary_large_image","twitter_misc":{"Est. reading time":"1 minute"},"schema":{"@context":"https:\/\/schema.org","@graph":[{"@type":"WebPage","@id":"https:\/\/cibfx.com\/en\/metatrader\/","url":"https:\/\/cibfx.com\/en\/metatrader\/","name":"Metatrader - CIBFX","isPartOf":{"@id":"https:\/\/cibfx.com\/#website"},"primaryImageOfPage":{"@id":"https:\/\/cibfx.com\/en\/metatrader\/#primaryimage"},"image":{"@id":"https:\/\/cibfx.com\/en\/metatrader\/#primaryimage"},"thumbnailUrl":"https:\/\/cibfx.com\/wp-content\/uploads\/2022\/04\/btn-IOS.png","datePublished":"2022-04-12T12:52:59+00:00","dateModified":"2022-10-18T16:13:50+00:00","breadcrumb":{"@id":"https:\/\/cibfx.com\/en\/metatrader\/#breadcrumb"},"inLanguage":"en-US","potentialAction":[{"@type":"ReadAction","target":["https:\/\/cibfx.com\/en\/metatrader\/"]}]},{"@type":"ImageObject","inLanguage":"en-US","@id":"https:\/\/cibfx.com\/en\/metatrader\/#primaryimage","url":"https:\/\/cibfx.com\/wp-content\/uploads\/2022\/04\/btn-IOS.png","contentUrl":"https:\/\/cibfx.com\/wp-content\/uploads\/2022\/04\/btn-IOS.png"},{"@type":"BreadcrumbList","@id":"https:\/\/cibfx.com\/en\/metatrader\/#breadcrumb","itemListElement":[{"@type":"ListItem","position":1,"name":"Portada","item":"https:\/\/cibfx.com\/pt-br\/"},{"@type":"ListItem","position":2,"name":"Metatrader"}]},{"@type":"WebSite","@id":"https:\/\/cibfx.com\/#website","url":"https:\/\/cibfx.com\/","name":"CIBFX","description":"Trading online seguro y confiable","potentialAction":[{"@type":"SearchAction","target":{"@type":"EntryPoint","urlTemplate":"https:\/\/cibfx.com\/?s={search_term_string}"},"query-input":{"@type":"PropertyValueSpecification","valueRequired":true,"valueName":"search_term_string"}}],"inLanguage":"en-US"}]}},"_links":{"self":[{"href":"https:\/\/cibfx.com\/en\/wp-json\/wp\/v2\/pages\/19403","targetHints":{"allow":["GET"]}}],"collection":[{"href":"https:\/\/cibfx.com\/en\/wp-json\/wp\/v2\/pages"}],"about":[{"href":"https:\/\/cibfx.com\/en\/wp-json\/wp\/v2\/types\/page"}],"author":[{"embeddable":true,"href":"https:\/\/cibfx.com\/en\/wp-json\/wp\/v2\/users\/3"}],"replies":[{"embeddable":true,"href":"https:\/\/cibfx.com\/en\/wp-json\/wp\/v2\/comments?post=19403"}],"version-history":[{"count":12,"href":"https:\/\/cibfx.com\/en\/wp-json\/wp\/v2\/pages\/19403\/revisions"}],"predecessor-version":[{"id":21410,"href":"https:\/\/cibfx.com\/en\/wp-json\/wp\/v2\/pages\/19403\/revisions\/21410"}],"wp:attachment":[{"href":"https:\/\/cibfx.com\/en\/wp-json\/wp\/v2\/media?parent=19403"}],"curies":[{"name":"wp","href":"https:\/\/api.w.org\/{rel}","templated":true}]}}